{"id":1020,"date":"2016-07-07T12:06:54","date_gmt":"2016-07-07T12:06:54","guid":{"rendered":"http:\/\/ekokirpeja.lt\/?post_type=product&#038;p=1020"},"modified":"2016-07-07T12:06:54","modified_gmt":"2016-07-07T12:06:54","slug":"juodas-apimties-suteikiantis-blakstienu-tusas","status":"publish","type":"product","link":"https:\/\/rupa.lt\/en\/product\/juodas-apimties-suteikiantis-blakstienu-tusas\/","title":{"rendered":"Juodas apimties suteikiantis blakstien\u0173 tu\u0161as"},"content":{"rendered":"<p>Sud\u0117tis:\u00a0Aqua (water), ci 77499 (iron oxides), kaolin, silica, salvia sclarea flower\/<br \/>\nleaf\/stem water (salvia sclarea (clary) flower\/leaf\/stem water)*, ethylhexyl<br \/>\npalmitate, pullulan, sucrose palmitate, sucrose acetate isobutyrate, glyceryl<br \/>\nstearate, cetearyl alcohol, c30-38 olefin\/isopropyl maleate\/ma copolymer,<br \/>\npotassium palmitoyl hydrolyzed wheat protein, tocopherol, sorbitol, microcrystalline<br \/>\ncellulose, cellulose gum, acacia senegal gum, trehalose, prunus<br \/>\namygdalus dulcis oil (prunus amygdalus dulcis (sweet almond) oil), helianthus<br \/>\nannuus seed oil (helianthus annuus (sunflower) seed oil)*, chamomilla<br \/>\nrecutita flower extract (chamomilla recutita (matricaria) flower extract)*,<br \/>\nbenzyl alcohol, dehydroacetic acid.<\/p>","protected":false},"excerpt":{"rendered":"<h2>| Eyes | Mascara<\/h2>\n<p><strong>Juodas apimties suteikiantis blakstien\u0173 tu\u0161as simondsij\u0173 aliejaus ir viamerino pagrindu<\/strong><br \/>\nTinka net ir ypa\u010d jautrioms akims, \u0161velnus, be derv\u0173, simondsij\u0173 aliejus dr\u0117kina blakstienas.<\/p>\n<table class=\"makeuppalette\">\n<tbody>\n<tr>\n<td bgcolor=\"#000000\"><\/td>\n<\/tr>\n<tr>\n<td><strong>Black Night 01<\/strong><\/td>\n<\/tr>\n<\/tbody>\n<\/table>\n<p>&nbsp;<\/p>","protected":false},"featured_media":1021,"comment_status":"open","ping_status":"closed","template":"","meta":[],"product_brand":[],"product_cat":[58],"product_tag":[],"class_list":{"0":"post-1020","1":"product","2":"type-product","3":"status-publish","4":"has-post-thumbnail","6":"product_cat-dekoratyvine-kosmetika","8":"first","9":"instock","10":"shipping-taxable","11":"purchasable","12":"product-type-simple"},"_links":{"self":[{"href":"https:\/\/rupa.lt\/en\/wp-json\/wp\/v2\/product\/1020","targetHints":{"allow":["GET"]}}],"collection":[{"href":"https:\/\/rupa.lt\/en\/wp-json\/wp\/v2\/product"}],"about":[{"href":"https:\/\/rupa.lt\/en\/wp-json\/wp\/v2\/types\/product"}],"replies":[{"embeddable":true,"href":"https:\/\/rupa.lt\/en\/wp-json\/wp\/v2\/comments?post=1020"}],"wp:featuredmedia":[{"embeddable":true,"href":"https:\/\/rupa.lt\/en\/wp-json\/wp\/v2\/media\/1021"}],"wp:attachment":[{"href":"https:\/\/rupa.lt\/en\/wp-json\/wp\/v2\/media?parent=1020"}],"wp:term":[{"taxonomy":"product_brand","embeddable":true,"href":"https:\/\/rupa.lt\/en\/wp-json\/wp\/v2\/product_brand?post=1020"},{"taxonomy":"product_cat","embeddable":true,"href":"https:\/\/rupa.lt\/en\/wp-json\/wp\/v2\/product_cat?post=1020"},{"taxonomy":"product_tag","embeddable":true,"href":"https:\/\/rupa.lt\/en\/wp-json\/wp\/v2\/product_tag?post=1020"}],"curies":[{"name":"wp","href":"https:\/\/api.w.org\/{rel}","templated":true}]}}