{"id":10147,"date":"2024-02-19T13:17:19","date_gmt":"2024-02-19T11:17:19","guid":{"rendered":"https:\/\/rupa.lt\/?post_type=product&#038;p=10147"},"modified":"2026-02-21T07:00:36","modified_gmt":"2026-02-21T05:00:36","slug":"oway-curl-cream-kremas-garbanotiems-plaukams","status":"publish","type":"product","link":"https:\/\/rupa.lt\/en\/product\/oway-curl-cream-kremas-garbanotiems-plaukams\/","title":{"rendered":"OWAY &#8211; CURL CREAM- kremas garbanotiems plaukams"},"content":{"rendered":"<p><strong>NAUDOJIMAS:<\/strong> Paskirstykite ant \u0161vari\u0173, dr\u0117gn\u0173 plauk\u0173, masa\u017euojamaisiais judesiais per vis\u0105 plauk\u0173 ilg\u012f. D\u017eiovinkite su difuzoriumi.<\/p>\n<p>&nbsp;<\/p>\n<div class=\"row inner inner-row d-flex justify-content-left row-certificazioni\">\n<div class=\"col-md-2 col-4\"><\/div>\n<\/div>\n<div class=\"row inner inner-row\">\n<div class=\"col-12 ow-formulas\">\n<div class=\"cta-underline\"><\/div>\n<\/div>\n<\/div>","protected":false},"excerpt":{"rendered":"<p class=\"product_title entry-title\">OWAY curl priming cream &#8211; YPATINGAI DR\u0116KINANTIS KREMAS GARBANOTIEMS PLAUKAMS. Intensyviai mink\u0161tina ir dr\u0117kina. Glotnina garbanotus plaukus. Garbanos tampa mink\u0161tos, elastingos ir ry\u0161kios. Idealiai tinka tiek banguotiems, tiek garbanotiems plaukams, d\u017eiovinti naudojant difuzori\u0173.<\/p>","protected":false},"featured_media":10148,"comment_status":"open","ping_status":"closed","template":"","meta":[],"product_brand":[],"product_cat":[280,283],"product_tag":[331,284],"class_list":{"0":"post-10147","1":"product","2":"type-product","3":"status-publish","4":"has-post-thumbnail","6":"product_cat-oway","7":"product_cat-oway-formavimo-priemones","8":"product_tag-garbanotiems-plaukams","9":"product_tag-oway","11":"first","12":"onbackorder","13":"shipping-taxable","14":"purchasable","15":"product-type-simple"},"_links":{"self":[{"href":"https:\/\/rupa.lt\/en\/wp-json\/wp\/v2\/product\/10147","targetHints":{"allow":["GET"]}}],"collection":[{"href":"https:\/\/rupa.lt\/en\/wp-json\/wp\/v2\/product"}],"about":[{"href":"https:\/\/rupa.lt\/en\/wp-json\/wp\/v2\/types\/product"}],"replies":[{"embeddable":true,"href":"https:\/\/rupa.lt\/en\/wp-json\/wp\/v2\/comments?post=10147"}],"wp:featuredmedia":[{"embeddable":true,"href":"https:\/\/rupa.lt\/en\/wp-json\/wp\/v2\/media\/10148"}],"wp:attachment":[{"href":"https:\/\/rupa.lt\/en\/wp-json\/wp\/v2\/media?parent=10147"}],"wp:term":[{"taxonomy":"product_brand","embeddable":true,"href":"https:\/\/rupa.lt\/en\/wp-json\/wp\/v2\/product_brand?post=10147"},{"taxonomy":"product_cat","embeddable":true,"href":"https:\/\/rupa.lt\/en\/wp-json\/wp\/v2\/product_cat?post=10147"},{"taxonomy":"product_tag","embeddable":true,"href":"https:\/\/rupa.lt\/en\/wp-json\/wp\/v2\/product_tag?post=10147"}],"curies":[{"name":"wp","href":"https:\/\/api.w.org\/{rel}","templated":true}]}}