{"id":10116,"date":"2024-02-15T19:07:14","date_gmt":"2024-02-15T17:07:14","guid":{"rendered":"https:\/\/rupa.lt\/?post_type=product&#038;p=10116"},"modified":"2024-02-15T19:14:53","modified_gmt":"2024-02-15T17:14:53","slug":"naturalmente-fiksuojantis-juros-vanduo-be-wild-sea-salt","status":"publish","type":"product","link":"https:\/\/rupa.lt\/en\/product\/naturalmente-fiksuojantis-juros-vanduo-be-wild-sea-salt\/","title":{"rendered":"NATURALMENTE fiksuojantis j\u016bros vanduo- BE WILD Sea Salt"},"content":{"rendered":"<div id=\"tabs\">\n<div id=\"tab-description\" class=\"panel\">\n<p><strong>Naudojimas:\u00a0<\/strong>prie\u0161 naudojim\u0105 produkt\u0105 suplakti. Purk\u0161ti ant saus\u0173 arba dr\u0117gn\u0173 plauk\u0173 per vis\u0105 ilg\u012f.<\/p>\n<\/div>\n<\/div>\n<p><strong>INCI:<\/strong> Aqua (Water), Magnessium Sulfate, Polysorbate 20, Maris sa (Sea Salt), Hydrolyzed Corallina officinalis extract, Imidazolidinyl Urea, Parfum [Fragrance], Potassium Sorbate.<\/p>\n","protected":false},"excerpt":{"rendered":"<h2>BE WILD<\/h2>\n<p><strong>NATURALMENTE fiksuojantis j\u016bros vanduo.<\/strong><\/p>\n<p>Plauk\u0173 pur\u0161kiklis su j\u016bros druska strukt\u016brizuoja plaukus, suteikia apimties ir prisotina juos mineralais bei mikroelementais. Sud\u0117tyje esantis hidrolizuotas <em>Coralline officinalis<\/em>\u00a0raudon\u0173j\u0173 dumbli\u0173 ekstraktas veikia kaip antioksidantas ir apsauga nuo UV saul\u0117s spinduli\u0173.<\/p>\n<p><em><strong>100ml<\/strong><\/em><\/p>\n<p>(i\u0161 paveiksl\u0117lyje pavaizduot\u0173 produkt\u0173 \u0161is yra vidurinis su u\u017era\u0161u BE WILD. U\u017esakydami produkt\u0105 gausite b\u016btent j\u012f. Kiti nuotraukoje esantys produktai parduodami atskirai))<\/p>","protected":false},"featured_media":10117,"comment_status":"open","ping_status":"closed","template":"","meta":[],"product_brand":[],"product_cat":[37],"product_tag":[46],"class_list":{"0":"post-10116","1":"product","2":"type-product","3":"status-publish","4":"has-post-thumbnail","6":"product_cat-naturalmente-modeliavimo-priemones","7":"product_tag-formavimas","9":"first","10":"instock","11":"shipping-taxable","12":"purchasable","13":"product-type-simple"},"_links":{"self":[{"href":"https:\/\/rupa.lt\/en\/wp-json\/wp\/v2\/product\/10116","targetHints":{"allow":["GET"]}}],"collection":[{"href":"https:\/\/rupa.lt\/en\/wp-json\/wp\/v2\/product"}],"about":[{"href":"https:\/\/rupa.lt\/en\/wp-json\/wp\/v2\/types\/product"}],"replies":[{"embeddable":true,"href":"https:\/\/rupa.lt\/en\/wp-json\/wp\/v2\/comments?post=10116"}],"wp:featuredmedia":[{"embeddable":true,"href":"https:\/\/rupa.lt\/en\/wp-json\/wp\/v2\/media\/10117"}],"wp:attachment":[{"href":"https:\/\/rupa.lt\/en\/wp-json\/wp\/v2\/media?parent=10116"}],"wp:term":[{"taxonomy":"product_brand","embeddable":true,"href":"https:\/\/rupa.lt\/en\/wp-json\/wp\/v2\/product_brand?post=10116"},{"taxonomy":"product_cat","embeddable":true,"href":"https:\/\/rupa.lt\/en\/wp-json\/wp\/v2\/product_cat?post=10116"},{"taxonomy":"product_tag","embeddable":true,"href":"https:\/\/rupa.lt\/en\/wp-json\/wp\/v2\/product_tag?post=10116"}],"curies":[{"name":"wp","href":"https:\/\/api.w.org\/{rel}","templated":true}]}}