{"id":10111,"date":"2024-02-15T15:06:01","date_gmt":"2024-02-15T13:06:01","guid":{"rendered":"https:\/\/rupa.lt\/?post_type=product&#038;p=10111"},"modified":"2024-02-15T15:09:29","modified_gmt":"2024-02-15T13:09:29","slug":"naturalmente-lakas-plaukams-be-duju-be-strong-lengva-fiksacija","status":"publish","type":"product","link":"https:\/\/rupa.lt\/en\/product\/naturalmente-lakas-plaukams-be-duju-be-strong-lengva-fiksacija\/","title":{"rendered":"NATURALMENTE  lakas plaukams be duj\u0173- BE LIGHT (lengva fiksacija)"},"content":{"rendered":"<p><strong>Naudojimas:<\/strong>\u00a0purk\u0161ti lak\u0105 ant dr\u0117gn\u0173 plauk\u0173 \u0161ukuosenos formavimui, ant saus\u0173 plauk\u0173 \u2013 \u0161ukuosenos fiksavimui.<\/p>\n<p><strong>\u012esp\u0117jimai:<\/strong>\u00a0Laikyti vaikams nepasiekiamoje vietoje. Patekus produktui \u012f akis skalauti jas gausiu vandens kiekiu. Tik i\u0161oriniam vartojimui.<\/p>\n<p><strong>INCI:<\/strong> Alcohol denat., Methylal, Pentane, Vinyl caprolactam\/VP\/dimethylaminoethyl methacrylate copolymer, Aqua [Water] (Eau), Citrus aurantium bergamia (Bergamot) peel oil, Citrus aurantium dulcis (Orange) peel oil, Citrus limon (Lemon) peel oil, Citrus nobilis (Mandarin orange) peel oil, Citrus medica vulgaris peel oil, Eucalyptus globulus leaf oil, Foeniculum vulgare (Fennel) oil, Lavandula hybrida oil, Rosmarinus officinalis<br \/>\n(Rosemary) leaf oil, Mentha piperita (Peppermint) oil, Limonene, Linalool, Citral, Citronellol, Coumarin.<\/p>\n<p>&nbsp;<\/p>\n","protected":false},"excerpt":{"rendered":"<h2>BE LIGHT<\/h2>\n<p><strong>NATURALMNET lengvos fiksacijos lakas<\/strong><\/p>\n<p>Citrusini\u0173 vaisi\u0173 eterini\u0173 aliej\u0173 aromato pur\u0161kiamas lakas be duj\u0173 plaukams. Nat\u016braliai formuoja \u0161ukuosen\u0105, suteikia \u017evilges\u012f ir ilgalaik\u012f i\u0161laikym\u0105. Nesu\u0161lapina plauk\u0173. Lengva fiksacija.<\/p>\n<p><em><strong>250ml<\/strong><\/em><\/p>","protected":false},"featured_media":10112,"comment_status":"open","ping_status":"closed","template":"","meta":[],"product_brand":[],"product_cat":[37],"product_tag":[],"class_list":{"0":"post-10111","1":"product","2":"type-product","3":"status-publish","4":"has-post-thumbnail","6":"product_cat-naturalmente-modeliavimo-priemones","8":"first","9":"instock","10":"shipping-taxable","11":"purchasable","12":"product-type-simple"},"_links":{"self":[{"href":"https:\/\/rupa.lt\/en\/wp-json\/wp\/v2\/product\/10111","targetHints":{"allow":["GET"]}}],"collection":[{"href":"https:\/\/rupa.lt\/en\/wp-json\/wp\/v2\/product"}],"about":[{"href":"https:\/\/rupa.lt\/en\/wp-json\/wp\/v2\/types\/product"}],"replies":[{"embeddable":true,"href":"https:\/\/rupa.lt\/en\/wp-json\/wp\/v2\/comments?post=10111"}],"wp:featuredmedia":[{"embeddable":true,"href":"https:\/\/rupa.lt\/en\/wp-json\/wp\/v2\/media\/10112"}],"wp:attachment":[{"href":"https:\/\/rupa.lt\/en\/wp-json\/wp\/v2\/media?parent=10111"}],"wp:term":[{"taxonomy":"product_brand","embeddable":true,"href":"https:\/\/rupa.lt\/en\/wp-json\/wp\/v2\/product_brand?post=10111"},{"taxonomy":"product_cat","embeddable":true,"href":"https:\/\/rupa.lt\/en\/wp-json\/wp\/v2\/product_cat?post=10111"},{"taxonomy":"product_tag","embeddable":true,"href":"https:\/\/rupa.lt\/en\/wp-json\/wp\/v2\/product_tag?post=10111"}],"curies":[{"name":"wp","href":"https:\/\/api.w.org\/{rel}","templated":true}]}}