{"id":6595,"date":"2018-08-21T07:45:46","date_gmt":"2018-08-21T04:45:46","guid":{"rendered":"http:\/\/onea.elated-themes.com\/shop\/"},"modified":"2026-02-20T20:20:22","modified_gmt":"2026-02-20T18:20:22","slug":"oway-naturamlente-tek-eco-shop","status":"publish","type":"page","link":"https:\/\/rupa.lt\/en\/oway-naturamlente-tek-eco-shop\/","title":{"rendered":"eco shop #OWAY #NATURALMENTE #TEK"},"content":{"rendered":"<p>R\u016aPA eco shop #OWAY #NATURALMENTE #TEK.\u00a0 Ekologi\u0161ka, nat\u016brali kosmetika plaukams ir galvos odai. NATURALMENTE, OWAY \u0161amp\u016bnai, kauk\u0117s, kondicionieriai 100% augaliniu pagrindu, ekologi\u0161koje pakuot\u0117je. Naturalmente produktuose nerasite chemini\u0173 bei naftos chemini\u0173 substancij\u0173, substancij\u0173 gaut\u0173 i\u0161 gyv\u016bn\u0173 bei sintetini\u0173 kvap\u0173. WOW.\u00a0 Su meile TAU ir GAMTAI<\/p>","protected":false},"excerpt":{"rendered":"<p>R\u016aPA eco shop #OWAY #NATURALMENTE #TEK.\u00a0 Ekologi\u0161ka, nat\u016brali kosmetika plaukams ir galvos odai. NATURALMENTE, OWAY \u0161amp\u016bnai, kauk\u0117s, kondicionieriai 100% augaliniu pagrindu, ekologi\u0161koje pakuot\u0117je. Naturalmente produktuose nerasite chemini\u0173 bei naftos chemini\u0173 substancij\u0173, substancij\u0173 gaut\u0173 i\u0161 gyv\u016bn\u0173 bei sintetini\u0173 kvap\u0173. WOW.\u00a0 Su [&hellip;]<\/p>\n","protected":false},"author":1,"featured_media":0,"parent":0,"menu_order":0,"comment_status":"closed","ping_status":"closed","template":"","meta":{"footnotes":""},"class_list":["post-6595","page","type-page","status-publish","hentry"],"_links":{"self":[{"href":"https:\/\/rupa.lt\/en\/wp-json\/wp\/v2\/pages\/6595","targetHints":{"allow":["GET"]}}],"collection":[{"href":"https:\/\/rupa.lt\/en\/wp-json\/wp\/v2\/pages"}],"about":[{"href":"https:\/\/rupa.lt\/en\/wp-json\/wp\/v2\/types\/page"}],"author":[{"embeddable":true,"href":"https:\/\/rupa.lt\/en\/wp-json\/wp\/v2\/users\/1"}],"replies":[{"embeddable":true,"href":"https:\/\/rupa.lt\/en\/wp-json\/wp\/v2\/comments?post=6595"}],"version-history":[{"count":10,"href":"https:\/\/rupa.lt\/en\/wp-json\/wp\/v2\/pages\/6595\/revisions"}],"predecessor-version":[{"id":8628,"href":"https:\/\/rupa.lt\/en\/wp-json\/wp\/v2\/pages\/6595\/revisions\/8628"}],"wp:attachment":[{"href":"https:\/\/rupa.lt\/en\/wp-json\/wp\/v2\/media?parent=6595"}],"curies":[{"name":"wp","href":"https:\/\/api.w.org\/{rel}","templated":true}]}}