{"id":3657,"date":"2018-09-13T11:29:42","date_gmt":"2018-09-13T11:29:42","guid":{"rendered":"http:\/\/onea.elated-themes.com\/?page_id=3657"},"modified":"2021-12-21T22:50:39","modified_gmt":"2021-12-21T20:50:39","slug":"paslaugos","status":"publish","type":"page","link":"https:\/\/rupa.lt\/en\/elements-3\/paslaugos\/","title":{"rendered":"Services"},"content":{"rendered":"<div class=\"eltdf-row-grid-section-wrapper\"  ><div class=\"eltdf-row-grid-section\"><div class=\"vc_row wpb_row vc_row-fluid vc_custom_1536838237291\" ><div class=\"wpb_column vc_column_container vc_col-sm-12\"><div class=\"vc_column-inner\"><div class=\"wpb_wrapper\"><div class=\"eltdf-tabs  eltdf-tabs-simple\">\n\t<ul class=\"eltdf-tabs-nav clearfix\">\n\t\t\t\t\t<li>\n\t\t\t\t\t\t\t\t\t<a href=\"#tab-plauku-kirpimai\">Plauk\u0173 kirpimai<\/a>\n\t\t\t\t\t\t\t<\/li>\n\t\t\t\t\t<li>\n\t\t\t\t\t\t\t\t\t<a href=\"#tab-plauku-dazymai\">Plauk\u0173 da\u017eymai<\/a>\n\t\t\t\t\t\t\t<\/li>\n\t\t\t\t\t<li>\n\t\t\t\t\t\t\t\t\t<a href=\"#tab-susukavimai\">Su\u0161ukavimai<\/a>\n\t\t\t\t\t\t\t<\/li>\n\t\t\t\t\t<li>\n\t\t\t\t\t\t\t\t\t<a href=\"#tab-ritualai\">Ritualai<\/a>\n\t\t\t\t\t\t\t<\/li>\n\t\t\t<\/ul>\n\t<div class=\"eltdf-tab-container\" id=\"tab-plauku-kirpimai-596\"><div class=\"eltdf-ss-holder eltdf-ss-image-left\">\n\t\t\t<div class=\"eltdf-ss-image\" style=\"background-image: url(https:\/\/rupa.lt\/wp-content\/uploads\/2021\/11\/RU\u0304PA-ekologis\u030ckas-groz\u030cio-salonas-NATURALMENTE-parduotuve\u0307-Vilnius-1-scaled.jpg)\">\n\t\t\t<img loading=\"lazy\" decoding=\"async\" width=\"2560\" height=\"1707\" src=\"https:\/\/rupa.lt\/wp-content\/uploads\/2021\/11\/RU\u0304PA-ekologis\u030ckas-groz\u030cio-salonas-NATURALMENTE-parduotuve\u0307-Vilnius-1-scaled.jpg\" class=\"attachment-full size-full\" alt=\"\" srcset=\"https:\/\/rupa.lt\/wp-content\/uploads\/2021\/11\/RU\u0304PA-ekologis\u030ckas-groz\u030cio-salonas-NATURALMENTE-parduotuve\u0307-Vilnius-1-scaled.jpg 2560w, https:\/\/rupa.lt\/wp-content\/uploads\/2021\/11\/RU\u0304PA-ekologis\u030ckas-groz\u030cio-salonas-NATURALMENTE-parduotuve\u0307-Vilnius-1-300x200.jpg 300w, https:\/\/rupa.lt\/wp-content\/uploads\/2021\/11\/RU\u0304PA-ekologis\u030ckas-groz\u030cio-salonas-NATURALMENTE-parduotuve\u0307-Vilnius-1-1024x683.jpg 1024w, https:\/\/rupa.lt\/wp-content\/uploads\/2021\/11\/RU\u0304PA-ekologis\u030ckas-groz\u030cio-salonas-NATURALMENTE-parduotuve\u0307-Vilnius-1-1536x1024.jpg 1536w\" sizes=\"auto, (max-width: 2560px) 100vw, 2560px\" \/>\t\t<\/div>\n\t\t<div class=\"eltdf-ss-content\" >\n\t\t\t\t\t<h2 class=\"eltdf-ss-title\" >\n\t\t\t\tKIRPIMAI\t\t\t<\/h2>\n\t\t\t\t\t\t\t<p class=\"eltdf-ss-text\" >Teikiame plauk\u0173 kirpimo paslaugas nuo greito saus\u0173 galiuk\u0173 pakirpimo iki naujo kirpimo formavimo pagal j\u016bs\u0173 plaukus, asmenyb\u0119 ir stili\u0173. Priemones parenkame pagal galvos odos ir plauk\u0173 b\u016bkl\u0119. Visos priemon\u0117s yra ekologi\u0161kos, neturi sintetini\u0173 kvap\u0173, agresyvi\u0173 plovikli\u0173, kenksming\u0173 koncervant\u0173. Pageidaujant kerpame ir pagal m\u0117nulio kalendori\u0173. Pasirinkite jus dominan\u010di\u0105 paslaug\u0105 rezervacij\u0173 sistemoje ir su\u017einosite daugiau apie paslaug\u0105.<\/p>\n\t\t\t\t\t\t\t<a itemprop=\"url\" href=\"https:\/\/rupa.lt\/en\/#Rezervacija\" target=\"_blank\" style=\"background-color: #000000;border-color: #000000\" class=\"eltdf-btn eltdf-btn-medium eltdf-btn-solid eltdf-btn-custom-hover-bg eltdf-btn-custom-border-hover eltdf-btn-custom-hover-color eltdf-ss-link\" data-hover-color=\"#ffffff\" data-hover-bg-color=\"#000000\" data-hover-border-color=\"#000000\" >    <span class=\"eltdf-btn-text\">Book at<\/span>    <\/a>\t\t\t<\/div>\n<\/div><\/div><div class=\"eltdf-tab-container\" id=\"tab-plauku-dazymai-196\"><div class=\"eltdf-ss-holder eltdf-ss-image-left\">\n\t\t\t<div class=\"eltdf-ss-image\" style=\"background-image: url(https:\/\/rupa.lt\/wp-content\/uploads\/2018\/09\/f-h-slider-product-2.jpg)\">\n\t\t\t<img loading=\"lazy\" decoding=\"async\" width=\"819\" height=\"581\" src=\"https:\/\/rupa.lt\/wp-content\/uploads\/2018\/09\/f-h-slider-product-2.jpg\" class=\"attachment-full size-full\" alt=\"m\" srcset=\"https:\/\/rupa.lt\/wp-content\/uploads\/2018\/09\/f-h-slider-product-2.jpg 819w, https:\/\/rupa.lt\/wp-content\/uploads\/2018\/09\/f-h-slider-product-2-500x355.jpg 500w, https:\/\/rupa.lt\/wp-content\/uploads\/2018\/09\/f-h-slider-product-2-300x213.jpg 300w\" sizes=\"auto, (max-width: 819px) 100vw, 819px\" \/>\t\t<\/div>\n\t\t<div class=\"eltdf-ss-content\" >\n\t\t\t\t\t<h2 class=\"eltdf-ss-title\" >\n\t\t\t\tDA\u017dYMAI\t\t\t<\/h2>\n\t\t\t\t\t\t\t<p class=\"eltdf-ss-text\" >Plauk\u0173 da\u017eym\u0105 atliekame ilgalaikiais da\u017eais arba \u017eolel\u0117mis. Da\u017eai yra be PPD ir Rezircinolio. \u0160ios med\u017eiagos yra kenksmingos , alergizuojan\u010dios. Da\u017eai neturi stipraus erzinan\u010dio kvapo. Plauk\u0173 da\u017eymas \u017eolel\u0117mis yra ypa\u010d saugus ir nat\u016bralus, bet spalv\u0173 pasirinkimas ribotas. Darbo su agresyviomis balinan\u010diomis priemon\u0117mis atsisak\u0117me, tod\u0117l pasirinkimo da\u017eyti \u012fvairiomis \u0161viesinan\u010diomis technikomis neturime. Plaukus \u0161viesiname da\u017eais. I\u0161laikome ger\u0105 plauk\u0173 b\u016bkl\u0119 ir pasiekiame gra\u017ei\u0173 rezultat\u0173.<\/p>\n\t\t\t\t\t\t\t<a itemprop=\"url\" href=\"https:\/\/rupa.lt\/en\/#Rezervacija\" target=\"_blank\"  class=\"eltdf-btn eltdf-btn-medium eltdf-btn-solid eltdf-ss-link\"  >    <span class=\"eltdf-btn-text\">Book at<\/span>    <\/a>\t\t\t<\/div>\n<\/div><\/div><div class=\"eltdf-tab-container\" id=\"tab-susukavimai-779\"><div class=\"eltdf-ss-holder eltdf-ss-image-left\">\n\t\t\t<div class=\"eltdf-ss-image\" style=\"background-image: url(https:\/\/rupa.lt\/wp-content\/uploads\/2021\/12\/MPC_7256-scaled-e1640113956874.jpg)\">\n\t\t\t<img loading=\"lazy\" decoding=\"async\" width=\"1500\" height=\"1000\" src=\"https:\/\/rupa.lt\/wp-content\/uploads\/2021\/12\/MPC_7256-scaled-e1640113956874.jpg\" class=\"attachment-full size-full\" alt=\"\" \/>\t\t<\/div>\n\t\t<div class=\"eltdf-ss-content\" >\n\t\t\t\t\t<h2 class=\"eltdf-ss-title\" >\n\t\t\t\tSU\u0160UKAVIMAI\t\t\t<\/h2>\n\t\t\t\t\t\t\t<p class=\"eltdf-ss-text\" >Po galvos plovimo salone ir kasdieninio su\u0161ukavimo gera savijauta yra tos dienos ar net keli\u0173 \u0161alutinis efektas. Norite, kad plaukai atrodyt\u0173 netik tvarkingai, bet ir \u0161iek tiek \u0161venti\u0161kiau? Galime subanguoti arba i\u0161tiesinti \u017enypl\u0117mis. Jeigu ruo\u0161iat\u0117s ypatingai \u0161ventei ir norite \u0161ukuosenos u\u017esira\u0161ykite \u0161ukuosenos konsultacijai. Aptarsime j\u016bs\u0173 norus, pagal plauk\u0173 kiek\u012f ir \u0161ukuosenos sud\u0117tingum\u0105 nuspr\u0119sime kiek laiko reik\u0117s skirti j\u016bs\u0173 vizitui \u0161vent\u0117s dien\u0105. \u0160ukuosena fiksuojama laku be duj\u0173.<\/p>\n\t\t\t\t\t\t\t<a itemprop=\"url\" href=\"https:\/\/rupa.lt\/en\/#Rezervacija\" target=\"_blank\"  class=\"eltdf-btn eltdf-btn-medium eltdf-btn-solid eltdf-ss-link\"  >    <span class=\"eltdf-btn-text\">Book at<\/span>    <\/a>\t\t\t<\/div>\n<\/div><\/div><div class=\"eltdf-tab-container\" id=\"tab-ritualai-977\"><div class=\"eltdf-ss-holder eltdf-ss-image-left\">\n\t\t\t<div class=\"eltdf-ss-image\" style=\"background-image: url(https:\/\/rupa.lt\/wp-content\/uploads\/2021\/12\/MPC_6513-scaled-e1640107272225.jpg)\">\n\t\t\t<img loading=\"lazy\" decoding=\"async\" width=\"875\" height=\"800\" src=\"https:\/\/rupa.lt\/wp-content\/uploads\/2021\/12\/MPC_6513-scaled-e1640107272225.jpg\" class=\"attachment-full size-full\" alt=\"\" \/>\t\t<\/div>\n\t\t<div class=\"eltdf-ss-content\" >\n\t\t\t\t\t<h2 class=\"eltdf-ss-title\" >\n\t\t\t\tPROCED\u016aROS\t\t\t<\/h2>\n\t\t\t\t\t\t\t<p class=\"eltdf-ss-text\" >\u0160iuo metu atliekame dvi proced\u016bras. Viena skirta galvos odai- DETOX galvos odos valymas molio pasta. Antra proced\u016bra yra skirta plauk\u0173 rekonstrukcijai. Ji atliekama su bespalv\u0117mis \u017eolel\u0117mis. Studijoje pasijusite lyg mini SPA, nes vizito metu aptarnaujamas vienas \u017emogus, tod\u0117l atmosfera yra rami ir atpalaiduojanti.<\/p>\n\t\t\t\t\t\t\t<a itemprop=\"url\" href=\"https:\/\/rupa.lt\/en\/#Rezervacija\" target=\"_blank\"  class=\"eltdf-btn eltdf-btn-medium eltdf-btn-solid eltdf-ss-link\"  >    <span class=\"eltdf-btn-text\">Book at<\/span>    <\/a>\t\t\t<\/div>\n<\/div><\/div><\/div><\/div><\/div><\/div><div class=\"wpb_column vc_column_container vc_col-sm-12\"><div class=\"vc_column-inner vc_custom_1640115103845\"><div class=\"wpb_wrapper\"><div class=\"eltdf-pricing-tables eltdf-grid-list eltdf-disable-bottom-space clearfix eltdf-three-columns eltdf-huge-space\"><div class=\"eltdf-pt-wrapper eltdf-outer-space\"><div class=\"eltdf-price-table eltdf-item-space\">\n\t<div class=\"eltdf-pt-inner\" >\n\t\t\t\t<ul>\n\t\t\t<li class=\"eltdf-pt-title-holder\">\n\t\t\t\t<span class=\"eltdf-pt-title\" >Kirpim\u0173 kainos<\/span>\n\t\t\t<\/li>\n\t\t\t<li class=\"eltdf-pt-prices\">\n\t\t\t\t<span class=\"eltdf-pt-value\" >nuo<\/span>\n\t\t\t\t<span class=\"eltdf-pt-price\" >25 \u20ac<\/span>\n\t\t\t\t<h6 class=\"eltdf-pt-mark\" >atsi\u017evelgiant \u012f sud\u0117tingum\u0105<\/h6>\n\t\t\t<\/li>\n\t\t\t<li class=\"eltdf-pt-content\">\n\t\t\t\t\n<ul>\n<li>Express saus\u0173 plauk\u0173 galiuk\u0173 kirpimas<\/li>\n<li>Vyri\u0161kas kirpimas<\/li>\n<li>Naujo kirpimo formavimas moterims<\/li>\n<li>Galiuk\u0173 kirpimas<\/li>\n<\/ul>\n<p><em>Ilg\u0173, tanki\u0173 plauk\u0173\u00a0 k\u016brybi\u0161ki kirpimai gali siekti iki 55\u20ac<\/em>\t\t\t<\/li>\n\t\t\t\t\t\t\t<li class=\"eltdf-pt-button\">\n\t\t\t\t\t<a itemprop=\"url\" href=\"https:\/\/rupa.lt\/en\/#Rezervacija\" target=\"_self\"  class=\"eltdf-btn eltdf-btn-large eltdf-btn-simple\"  >    <span class=\"eltdf-btn-text\">Rezervuoti laik\u0105 vizitui<\/span>    <\/a>\t\t\t\t<\/li>\t\t\t\t\n\t\t\t\t\t<\/ul>\n\t<\/div>\n<\/div><div class=\"eltdf-price-table eltdf-item-space\">\n\t<div class=\"eltdf-pt-inner\" >\n\t\t\t\t<ul>\n\t\t\t<li class=\"eltdf-pt-title-holder\">\n\t\t\t\t<span class=\"eltdf-pt-title\" >Da\u017eym\u0173 kainos<\/span>\n\t\t\t<\/li>\n\t\t\t<li class=\"eltdf-pt-prices\">\n\t\t\t\t<span class=\"eltdf-pt-value\" >nuo<\/span>\n\t\t\t\t<span class=\"eltdf-pt-price\" >55\u20ac<\/span>\n\t\t\t\t<h6 class=\"eltdf-pt-mark\" >priklauso nuo plauk\u0173 ilgio, sunaudot\u0173 da\u017e\u0173 kiekio<\/h6>\n\t\t\t<\/li>\n\t\t\t<li class=\"eltdf-pt-content\">\n\t\t\t\t\n<ul>\n<li>Ataugusios dalies da\u017eymas<\/li>\n<li>Plauk\u0173 tonavimas<\/li>\n<li>Vis\u0173 plauk\u0173 da\u017eymas<\/li>\n<li>Plauk\u0173 da\u017eymas \u017eolel\u0117mis<\/li>\n<\/ul>\n<p><em>Vis\u0173 plauk\u0173 da\u017eymas gali siekti iki 85\u20ac be kirpimo. Nesud\u0117tingas kirpimas po da\u017eymo +20\u20ac<\/em>\t\t\t<\/li>\n\t\t\t\t\t\t\t<li class=\"eltdf-pt-button\">\n\t\t\t\t\t<a itemprop=\"url\" href=\"https:\/\/rupa.lt\/en\/#Rezervacija\" target=\"_self\"  class=\"eltdf-btn eltdf-btn-large eltdf-btn-simple\"  >    <span class=\"eltdf-btn-text\">Rezervuoti laik\u0105 da\u017eymui<\/span>    <\/a>\t\t\t\t<\/li>\t\t\t\t\n\t\t\t\t\t<\/ul>\n\t<\/div>\n<\/div><div class=\"eltdf-price-table eltdf-item-space\">\n\t<div class=\"eltdf-pt-inner\" >\n\t\t\t\t<ul>\n\t\t\t<li class=\"eltdf-pt-title-holder\">\n\t\t\t\t<span class=\"eltdf-pt-title\" >Su\u0161ukavim\u0173 kainos<\/span>\n\t\t\t<\/li>\n\t\t\t<li class=\"eltdf-pt-prices\">\n\t\t\t\t<span class=\"eltdf-pt-value\" >nuo<\/span>\n\t\t\t\t<span class=\"eltdf-pt-price\" >30\u20ac<\/span>\n\t\t\t\t<h6 class=\"eltdf-pt-mark\" >trump\u0173 plauk\u0173 galvos plovimuis ir fenavimas<\/h6>\n\t\t\t<\/li>\n\t\t\t<li class=\"eltdf-pt-content\">\n\t\t\t\t\n<ul>\n<li>Galvos plovimas ir fenavimas<\/li>\n<li>Plauk\u0173 tiesinimas \u017enypl\u0117mis<\/li>\n<li>Bangos, garbanos \u017enypl\u0117mis<\/li>\n<li>\u0160ventin\u0117 \u0161ukuosena (tartis individualiai asmenine \u017einute)<\/li>\n<\/ul>\n<p>\u0160ventin\u0117 \u0161ukuosena gali siekti iki 80\u20ac. Bandomosios \u0161ukuosenos kaina 25\u20ac.\t\t\t<\/li>\n\t\t\t\t\t\t\t<li class=\"eltdf-pt-button\">\n\t\t\t\t\t<a itemprop=\"url\" href=\"https:\/\/rupa.lt\/en\/#Rezervacija\" target=\"_self\"  class=\"eltdf-btn eltdf-btn-large eltdf-btn-simple\"  >    <span class=\"eltdf-btn-text\">Book at<\/span>    <\/a>\t\t\t\t<\/li>\t\t\t\t\n\t\t\t\t\t<\/ul>\n\t<\/div>\n<\/div><\/div><\/div><\/div><\/div><\/div><\/div><\/div><\/div>","protected":false},"excerpt":{"rendered":"Plauk\u0173 kirpimai Plauk\u0173 da\u017eymai Su\u0161ukavimai Ritualai KIRPIMAI Teikiame plauk\u0173 kirpimo paslaugas nuo greito saus\u0173 galiuk\u0173 pakirpimo iki naujo kirpimo formavimo pagal j\u016bs\u0173 plaukus, asmenyb\u0119 ir stili\u0173. Priemones parenkame pagal galvos odos ir plauk\u0173 b\u016bkl\u0119. Visos priemon\u0117s yra ekologi\u0161kos, neturi sintetini\u0173 [...]","protected":false},"author":1,"featured_media":0,"parent":2964,"menu_order":0,"comment_status":"closed","ping_status":"closed","template":"full-width.php","meta":{"footnotes":""},"class_list":["post-3657","page","type-page","status-publish","hentry"],"_links":{"self":[{"href":"https:\/\/rupa.lt\/en\/wp-json\/wp\/v2\/pages\/3657","targetHints":{"allow":["GET"]}}],"collection":[{"href":"https:\/\/rupa.lt\/en\/wp-json\/wp\/v2\/pages"}],"about":[{"href":"https:\/\/rupa.lt\/en\/wp-json\/wp\/v2\/types\/page"}],"author":[{"embeddable":true,"href":"https:\/\/rupa.lt\/en\/wp-json\/wp\/v2\/users\/1"}],"replies":[{"embeddable":true,"href":"https:\/\/rupa.lt\/en\/wp-json\/wp\/v2\/comments?post=3657"}],"version-history":[{"count":12,"href":"https:\/\/rupa.lt\/en\/wp-json\/wp\/v2\/pages\/3657\/revisions"}],"predecessor-version":[{"id":9669,"href":"https:\/\/rupa.lt\/en\/wp-json\/wp\/v2\/pages\/3657\/revisions\/9669"}],"up":[{"embeddable":true,"href":"https:\/\/rupa.lt\/en\/wp-json\/wp\/v2\/pages\/2964"}],"wp:attachment":[{"href":"https:\/\/rupa.lt\/en\/wp-json\/wp\/v2\/media?parent=3657"}],"curies":[{"name":"wp","href":"https:\/\/api.w.org\/{rel}","templated":true}]}}