{"id":231,"date":"2018-08-22T14:40:27","date_gmt":"2018-08-22T14:40:27","guid":{"rendered":"http:\/\/onea.elated-themes.com\/?page_id=231"},"modified":"2021-09-28T23:25:05","modified_gmt":"2021-09-28T20:25:05","slug":"parduotuve","status":"publish","type":"page","link":"https:\/\/rupa.lt\/en\/parduotuve\/","title":{"rendered":"Shop"},"content":{"rendered":"<div class=\"eltdf-row-grid-section-wrapper\"  ><div class=\"eltdf-row-grid-section\"><div class=\"vc_row wpb_row vc_row-fluid\" ><div class=\"wpb_column vc_column_container vc_col-sm-12\"><div class=\"vc_column-inner\"><div class=\"wpb_wrapper\"><div class=\"eltdf-pl-holder eltdf-grid-list eltdf-disable-bottom-space eltdf-standard-layout eltdf-five-columns eltdf-normal-space eltdf-info-on-image  eltdf-product-add-to-cart-in-box     eltdf-hover-type-simple custom-text-position-left eltdf-navigation-bellow-slider\"  data-type=\"standard\" data-info-position=\"info-on-image\" data-number-of-posts=\"6\" data-with-custom-text-position=\"left\" data-enable-random-fadein=\"no\" data-number-of-columns=\"five\" data-space-between-items=\"normal\" data-orderby=\"ID\" data-order=\"ASC\" data-category-values=\"naturalmente-sampunai,naturalmente-kaukes-ir-kondicionieriai,naturalmente-modeliavimo-priemones,naturalmente-elements-linija\" data-show-all-item-in-filter=\"no\" data-taxonomy-to-display=\"category\" data-show-category-filter=\"yes\" data-image-size=\"full\" data-display-title=\"yes\" data-title-tag=\"h5\" data-display-category=\"yes\" data-display-excerpt=\"no\" data-excerpt-length=\"50\" data-display-rating=\"no\" data-display-price=\"yes\" data-display-button=\"no\" data-button-skin=\"default\" data-hover-type=\"simple\" data-number-of-visible-items=\"3\" data-slider-loop=\"yes\" data-slider-autoplay=\"yes\" data-slider-speed=\"5000\" data-slider-speed-animation=\"600\" data-slider-navigation=\"yes\" data-slider-navigation-position=\"bellow-slider\" data-slider-pagination=\"yes\" data-class-name=\"pli\" data-max-num-pages=\"4\" data-next-page=\"2\">\n        <div class=\"eltdf-pl-categories\">\n    <h6 class=\"eltdf-pl-categories-label\">Categories<\/h6>\n\t<ul>\n        <li><a class=\"eltdf-no-smooth-transitions\" data-category=\"naturalmente-sampunai\" href=\"https:\/\/rupa.lt\/en\/product-category\/naturalmente\/naturalmente-sampunai\/\">Shampoos<\/a><\/li><li><a class=\"eltdf-no-smooth-transitions\" data-category=\"naturalmente-kaukes-ir-kondicionieriai\" href=\"https:\/\/rupa.lt\/en\/product-category\/naturalmente\/naturalmente-kaukes-ir-kondicionieriai\/\">Masks and conditioners<\/a><\/li><li><a class=\"eltdf-no-smooth-transitions\" data-category=\"naturalmente-modeliavimo-priemones\" href=\"https:\/\/rupa.lt\/en\/product-category\/naturalmente\/naturalmente-modeliavimo-priemones\/\">Modelling tools<\/a><\/li>    <\/ul>\n<\/div>\n    <div class=\"eltdf-prl-loading\">\n        <span class=\"eltdf-prl-loading-msg\">Loading...<\/span>\n    <\/div>\n    <div class=\"eltdf-pl-outer eltdf-outer-space\">\n        <div class=\"eltdf-pli eltdf-item-space\">\n\t<div class=\"eltdf-pli-inner\">\n\t\t<div class=\"eltdf-pli-image\">\n\t\t\t\n<img loading=\"lazy\" decoding=\"async\" width=\"500\" height=\"500\" src=\"https:\/\/rupa.lt\/wp-content\/uploads\/2016\/03\/shampoo-aloe-e-sandalo-naturalmente.png\" class=\"attachment-full size-full wp-post-image\" alt=\"shampoo-aloe-e-sandalo-naturalmente-basic-maitinantis-alavij\u0173\" \/>\t\t<\/div>\n\t\t<div class=\"eltdf-pli-text\" >\n\t\t\t<div class=\"eltdf-pli-text-outer\">\n\t\t\t\t<div class=\"eltdf-pli-text-inner\">\n\t\t\t\t\t    <h5 itemprop=\"name\" class=\"entry-title eltdf-pli-title\" >\n\t\t<a itemprop=\"url\" href=\"https:\/\/rupa.lt\/en\/product\/alaviju-ir-sandalmedzio-sampunas\/\">Alavij\u0173 ir sandalmed\u017eio \u0161amp\u016bnas<\/a>\n\t<\/h5>\n\t\t\t\t\t\n\t\t\t\t\t\t\t<p class=\"eltdf-pli-category\"><a href=\"https:\/\/rupa.lt\/en\/product-category\/naturalmente\/naturalmente-sampunai\/\" rel=\"tag\">Shampoos<\/a><\/p>\n\t\t\t\t\t\t\n\t\t\t\t\t\t\t\t\t\t\n\t\t\t\t\t\t\t\t\t\t\n\t\t\t\t\t\t<div class=\"eltdf-pli-price\" ><span class=\"woocommerce-Price-amount amount\" aria-hidden=\"true\">24.00<span class=\"woocommerce-Price-currencySymbol\">&euro;<\/span><\/span> <span aria-hidden=\"true\">&ndash;<\/span> <span class=\"woocommerce-Price-amount amount\" aria-hidden=\"true\">73.00<span class=\"woocommerce-Price-currencySymbol\">&euro;<\/span><\/span><span class=\"screen-reader-text\" data-no-translation=\"\" data-trp-gettext=\"\">Price range: 24.00&euro; through 73.00&euro;<\/span><\/div>\n\n                    <div class=\"eltdf-pli-icons-holder\">\n                        <a href=\"#\" class=\"yith-quickview-button yith-wcqv-button\" data-product_id=\"509\">Quick view<\/a>\n<div\n\tclass=\"yith-wcwl-add-to-wishlist add-to-wishlist-509  wishlist-fragment on-first-load\"\n\tdata-fragment-ref=\"509\"\n\tdata-fragment-options=\"{&quot;base_url&quot;:&quot;&quot;,&quot;in_default_wishlist&quot;:false,&quot;is_single&quot;:false,&quot;show_exists&quot;:false,&quot;product_id&quot;:509,&quot;parent_product_id&quot;:509,&quot;product_type&quot;:&quot;variable&quot;,&quot;show_view&quot;:false,&quot;browse_wishlist_text&quot;:&quot;Per\\u017ei\\u016br\\u0117ti&quot;,&quot;already_in_wishslist_text&quot;:&quot;Produktas jau sara\\u0161e&quot;,&quot;product_added_text&quot;:&quot;Proguktas prid\\u0117tas!&quot;,&quot;heading_icon&quot;:&quot;heart-outline&quot;,&quot;available_multi_wishlist&quot;:false,&quot;disable_wishlist&quot;:false,&quot;show_count&quot;:false,&quot;ajax_loading&quot;:false,&quot;loop_position&quot;:&quot;after_add_to_cart&quot;,&quot;item&quot;:&quot;add_to_wishlist&quot;}\"\n>\n\t\t\t\n\t\t\t<!-- ADD TO WISHLIST -->\n\t\t\t\n<div class=\"yith-wcwl-add-button\">\n\t<a\n\t\thref=\"?add_to_wishlist=509&#038;_wpnonce=90e81dddf9\"\n\t\tclass=\"add_to_wishlist single_add_to_wishlist\"\n\t\tdata-product-id=\"509\"\n\t\tdata-product-type=\"variable\"\n\t\tdata-original-product-id=\"509\"\n\t\tdata-title=\"prid\u0117ti \u012f nor\u0173 s\u0105ra\u0161\u0105\"\n\t\trel=\"nofollow\"\n\t>\n\t\t<i class=\"yith-wcwl-icon fa heart-outline\"><\/i>\t\t<span>add to wishlist<\/span>\n\t<\/a>\n<\/div>\n\n\t\t\t<!-- COUNT TEXT -->\n\t\t\t\n\t\t\t<\/div>\n\n                    <\/div>\n                <\/div>\n\t\t\t<\/div>\n\t\t<\/div>\n\t\t<a class=\"eltdf-pli-link\" itemprop=\"url\" href=\"https:\/\/rupa.lt\/en\/product\/alaviju-ir-sandalmedzio-sampunas\/\" title=\"Alavij\u0173 ir sandalmed\u017eio \u0161amp\u016bnas\"><\/a>\n\t<\/div>\n<\/div><div class=\"eltdf-pli eltdf-item-space\">\n\t<div class=\"eltdf-pli-inner\">\n\t\t<div class=\"eltdf-pli-image\">\n\t\t\t\n<img loading=\"lazy\" decoding=\"async\" width=\"500\" height=\"500\" src=\"https:\/\/rupa.lt\/wp-content\/uploads\/2016\/03\/shampoo-finocchio-e-geranio-naturalmente.png\" class=\"attachment-full size-full wp-post-image\" alt=\"shampoo-finocchio-e-geranio-naturalmente-basic-pankoli\u0173-dr\u0117kinantis\" \/>\t\t<\/div>\n\t\t<div class=\"eltdf-pli-text\" >\n\t\t\t<div class=\"eltdf-pli-text-outer\">\n\t\t\t\t<div class=\"eltdf-pli-text-inner\">\n\t\t\t\t\t    <h5 itemprop=\"name\" class=\"entry-title eltdf-pli-title\" >\n\t\t<a itemprop=\"url\" href=\"https:\/\/rupa.lt\/en\/product\/pankoliu-ir-snapuciu-sampunas\/\">Pankoli\u0173 ir snapu\u010di\u0173 \u0161amp\u016bnas<\/a>\n\t<\/h5>\n\t\t\t\t\t\n\t\t\t\t\t\t\t<p class=\"eltdf-pli-category\"><a href=\"https:\/\/rupa.lt\/en\/product-category\/naturalmente\/naturalmente-sampunai\/\" rel=\"tag\">Shampoos<\/a><\/p>\n\t\t\t\t\t\t\n\t\t\t\t\t\t\t\t\t\t\n\t\t\t\t\t\t\t\t\t\t\n\t\t\t\t\t\t<div class=\"eltdf-pli-price\" ><span class=\"woocommerce-Price-amount amount\" aria-hidden=\"true\">24.00<span class=\"woocommerce-Price-currencySymbol\">&euro;<\/span><\/span> <span aria-hidden=\"true\">&ndash;<\/span> <span class=\"woocommerce-Price-amount amount\" aria-hidden=\"true\">73.00<span class=\"woocommerce-Price-currencySymbol\">&euro;<\/span><\/span><span class=\"screen-reader-text\" data-no-translation=\"\" data-trp-gettext=\"\">Price range: 24.00&euro; through 73.00&euro;<\/span><\/div>\n\n                    <div class=\"eltdf-pli-icons-holder\">\n                        <a href=\"#\" class=\"yith-quickview-button yith-wcqv-button\" data-product_id=\"514\">Quick view<\/a>\n<div\n\tclass=\"yith-wcwl-add-to-wishlist add-to-wishlist-514  wishlist-fragment on-first-load\"\n\tdata-fragment-ref=\"514\"\n\tdata-fragment-options=\"{&quot;base_url&quot;:&quot;&quot;,&quot;in_default_wishlist&quot;:false,&quot;is_single&quot;:false,&quot;show_exists&quot;:false,&quot;product_id&quot;:514,&quot;parent_product_id&quot;:514,&quot;product_type&quot;:&quot;variable&quot;,&quot;show_view&quot;:false,&quot;browse_wishlist_text&quot;:&quot;Per\\u017ei\\u016br\\u0117ti&quot;,&quot;already_in_wishslist_text&quot;:&quot;Produktas jau sara\\u0161e&quot;,&quot;product_added_text&quot;:&quot;Proguktas prid\\u0117tas!&quot;,&quot;heading_icon&quot;:&quot;heart-outline&quot;,&quot;available_multi_wishlist&quot;:false,&quot;disable_wishlist&quot;:false,&quot;show_count&quot;:false,&quot;ajax_loading&quot;:false,&quot;loop_position&quot;:&quot;after_add_to_cart&quot;,&quot;item&quot;:&quot;add_to_wishlist&quot;}\"\n>\n\t\t\t\n\t\t\t<!-- ADD TO WISHLIST -->\n\t\t\t\n<div class=\"yith-wcwl-add-button\">\n\t<a\n\t\thref=\"?add_to_wishlist=514&#038;_wpnonce=90e81dddf9\"\n\t\tclass=\"add_to_wishlist single_add_to_wishlist\"\n\t\tdata-product-id=\"514\"\n\t\tdata-product-type=\"variable\"\n\t\tdata-original-product-id=\"514\"\n\t\tdata-title=\"prid\u0117ti \u012f nor\u0173 s\u0105ra\u0161\u0105\"\n\t\trel=\"nofollow\"\n\t>\n\t\t<i class=\"yith-wcwl-icon fa heart-outline\"><\/i>\t\t<span>add to wishlist<\/span>\n\t<\/a>\n<\/div>\n\n\t\t\t<!-- COUNT TEXT -->\n\t\t\t\n\t\t\t<\/div>\n\n                    <\/div>\n                <\/div>\n\t\t\t<\/div>\n\t\t<\/div>\n\t\t<a class=\"eltdf-pli-link\" itemprop=\"url\" href=\"https:\/\/rupa.lt\/en\/product\/pankoliu-ir-snapuciu-sampunas\/\" title=\"Pankoli\u0173 ir snapu\u010di\u0173 \u0161amp\u016bnas\"><\/a>\n\t<\/div>\n<\/div><div class=\"eltdf-pli eltdf-item-space\">\n\t<div class=\"eltdf-pli-inner\">\n\t\t<div class=\"eltdf-pli-image\">\n\t\t\t\n<img loading=\"lazy\" decoding=\"async\" width=\"500\" height=\"500\" src=\"https:\/\/rupa.lt\/wp-content\/uploads\/2016\/03\/shampoo-rosmarino-e-lavanda-naturalmente.png\" class=\"attachment-full size-full wp-post-image\" alt=\"Rozmarin\u0173 ir levand\u0173 valantis ekologi\u0161kas nat\u016bralus \u0161amp\u016bnas NATURALMENTE\" \/>\t\t<\/div>\n\t\t<div class=\"eltdf-pli-text\" >\n\t\t\t<div class=\"eltdf-pli-text-outer\">\n\t\t\t\t<div class=\"eltdf-pli-text-inner\">\n\t\t\t\t\t    <h5 itemprop=\"name\" class=\"entry-title eltdf-pli-title\" >\n\t\t<a itemprop=\"url\" href=\"https:\/\/rupa.lt\/en\/product\/naturalmente-rozmarinu-ir-levandu-sampunas\/\">Rozmarin\u0173 ir levand\u0173 \u0161amp\u016bnas<\/a>\n\t<\/h5>\n\t\t\t\t\t\n\t\t\t\t\t\t\t<p class=\"eltdf-pli-category\"><a href=\"https:\/\/rupa.lt\/en\/product-category\/naturalmente\/naturalmente-sampunai\/\" rel=\"tag\">Shampoos<\/a><\/p>\n\t\t\t\t\t\t\n\t\t\t\t\t\t\t\t\t\t\n\t\t\t\t\t\t\t\t\t\t\n\t\t\t\t\t\t<div class=\"eltdf-pli-price\" ><span class=\"woocommerce-Price-amount amount\" aria-hidden=\"true\">24.00<span class=\"woocommerce-Price-currencySymbol\">&euro;<\/span><\/span> <span aria-hidden=\"true\">&ndash;<\/span> <span class=\"woocommerce-Price-amount amount\" aria-hidden=\"true\">73.00<span class=\"woocommerce-Price-currencySymbol\">&euro;<\/span><\/span><span class=\"screen-reader-text\" data-no-translation=\"\" data-trp-gettext=\"\">Price range: 24.00&euro; through 73.00&euro;<\/span><\/div>\n\n                    <div class=\"eltdf-pli-icons-holder\">\n                        <a href=\"#\" class=\"yith-quickview-button yith-wcqv-button\" data-product_id=\"520\">Quick view<\/a>\n<div\n\tclass=\"yith-wcwl-add-to-wishlist add-to-wishlist-520  wishlist-fragment on-first-load\"\n\tdata-fragment-ref=\"520\"\n\tdata-fragment-options=\"{&quot;base_url&quot;:&quot;&quot;,&quot;in_default_wishlist&quot;:false,&quot;is_single&quot;:false,&quot;show_exists&quot;:false,&quot;product_id&quot;:520,&quot;parent_product_id&quot;:520,&quot;product_type&quot;:&quot;variable&quot;,&quot;show_view&quot;:false,&quot;browse_wishlist_text&quot;:&quot;Per\\u017ei\\u016br\\u0117ti&quot;,&quot;already_in_wishslist_text&quot;:&quot;Produktas jau sara\\u0161e&quot;,&quot;product_added_text&quot;:&quot;Proguktas prid\\u0117tas!&quot;,&quot;heading_icon&quot;:&quot;heart-outline&quot;,&quot;available_multi_wishlist&quot;:false,&quot;disable_wishlist&quot;:false,&quot;show_count&quot;:false,&quot;ajax_loading&quot;:false,&quot;loop_position&quot;:&quot;after_add_to_cart&quot;,&quot;item&quot;:&quot;add_to_wishlist&quot;}\"\n>\n\t\t\t\n\t\t\t<!-- ADD TO WISHLIST -->\n\t\t\t\n<div class=\"yith-wcwl-add-button\">\n\t<a\n\t\thref=\"?add_to_wishlist=520&#038;_wpnonce=90e81dddf9\"\n\t\tclass=\"add_to_wishlist single_add_to_wishlist\"\n\t\tdata-product-id=\"520\"\n\t\tdata-product-type=\"variable\"\n\t\tdata-original-product-id=\"520\"\n\t\tdata-title=\"prid\u0117ti \u012f nor\u0173 s\u0105ra\u0161\u0105\"\n\t\trel=\"nofollow\"\n\t>\n\t\t<i class=\"yith-wcwl-icon fa heart-outline\"><\/i>\t\t<span>add to wishlist<\/span>\n\t<\/a>\n<\/div>\n\n\t\t\t<!-- COUNT TEXT -->\n\t\t\t\n\t\t\t<\/div>\n\n                    <\/div>\n                <\/div>\n\t\t\t<\/div>\n\t\t<\/div>\n\t\t<a class=\"eltdf-pli-link\" itemprop=\"url\" href=\"https:\/\/rupa.lt\/en\/product\/naturalmente-rozmarinu-ir-levandu-sampunas\/\" title=\"Rozmarin\u0173 ir levand\u0173 \u0161amp\u016bnas\"><\/a>\n\t<\/div>\n<\/div><div class=\"eltdf-pli eltdf-item-space\">\n\t<div class=\"eltdf-pli-inner\">\n\t\t<div class=\"eltdf-pli-image\">\n\t\t\t\n<img loading=\"lazy\" decoding=\"async\" width=\"500\" height=\"500\" src=\"https:\/\/rupa.lt\/wp-content\/uploads\/2016\/03\/shampoo-orange-naturalmente.png\" class=\"attachment-full size-full wp-post-image\" alt=\"rupa-shampoo-orange-naturalmente-basic\" \/>\t\t<\/div>\n\t\t<div class=\"eltdf-pli-text\" >\n\t\t\t<div class=\"eltdf-pli-text-outer\">\n\t\t\t\t<div class=\"eltdf-pli-text-inner\">\n\t\t\t\t\t    <h5 itemprop=\"name\" class=\"entry-title eltdf-pli-title\" >\n\t\t<a itemprop=\"url\" href=\"https:\/\/rupa.lt\/en\/product\/apelsininis-sampunas\/\">Apelsininis \u0161amp\u016bnas<\/a>\n\t<\/h5>\n\t\t\t\t\t\n\t\t\t\t\t\t\t<p class=\"eltdf-pli-category\"><a href=\"https:\/\/rupa.lt\/en\/product-category\/naturalmente\/naturalmente-sampunai\/\" rel=\"tag\">Shampoos<\/a><\/p>\n\t\t\t\t\t\t\n\t\t\t\t\t\t\t\t\t\t\n\t\t\t\t\t\t\t\t\t\t\n\t\t\t\t\t\t<div class=\"eltdf-pli-price\" ><span class=\"woocommerce-Price-amount amount\" aria-hidden=\"true\">24.00<span class=\"woocommerce-Price-currencySymbol\">&euro;<\/span><\/span> <span aria-hidden=\"true\">&ndash;<\/span> <span class=\"woocommerce-Price-amount amount\" aria-hidden=\"true\">73.00<span class=\"woocommerce-Price-currencySymbol\">&euro;<\/span><\/span><span class=\"screen-reader-text\" data-no-translation=\"\" data-trp-gettext=\"\">Price range: 24.00&euro; through 73.00&euro;<\/span><\/div>\n\n                    <div class=\"eltdf-pli-icons-holder\">\n                        <a href=\"#\" class=\"yith-quickview-button yith-wcqv-button\" data-product_id=\"531\">Quick view<\/a>\n<div\n\tclass=\"yith-wcwl-add-to-wishlist add-to-wishlist-531  wishlist-fragment on-first-load\"\n\tdata-fragment-ref=\"531\"\n\tdata-fragment-options=\"{&quot;base_url&quot;:&quot;&quot;,&quot;in_default_wishlist&quot;:false,&quot;is_single&quot;:false,&quot;show_exists&quot;:false,&quot;product_id&quot;:531,&quot;parent_product_id&quot;:531,&quot;product_type&quot;:&quot;variable&quot;,&quot;show_view&quot;:false,&quot;browse_wishlist_text&quot;:&quot;Per\\u017ei\\u016br\\u0117ti&quot;,&quot;already_in_wishslist_text&quot;:&quot;Produktas jau sara\\u0161e&quot;,&quot;product_added_text&quot;:&quot;Proguktas prid\\u0117tas!&quot;,&quot;heading_icon&quot;:&quot;heart-outline&quot;,&quot;available_multi_wishlist&quot;:false,&quot;disable_wishlist&quot;:false,&quot;show_count&quot;:false,&quot;ajax_loading&quot;:false,&quot;loop_position&quot;:&quot;after_add_to_cart&quot;,&quot;item&quot;:&quot;add_to_wishlist&quot;}\"\n>\n\t\t\t\n\t\t\t<!-- ADD TO WISHLIST -->\n\t\t\t\n<div class=\"yith-wcwl-add-button\">\n\t<a\n\t\thref=\"?add_to_wishlist=531&#038;_wpnonce=90e81dddf9\"\n\t\tclass=\"add_to_wishlist single_add_to_wishlist\"\n\t\tdata-product-id=\"531\"\n\t\tdata-product-type=\"variable\"\n\t\tdata-original-product-id=\"531\"\n\t\tdata-title=\"prid\u0117ti \u012f nor\u0173 s\u0105ra\u0161\u0105\"\n\t\trel=\"nofollow\"\n\t>\n\t\t<i class=\"yith-wcwl-icon fa heart-outline\"><\/i>\t\t<span>add to wishlist<\/span>\n\t<\/a>\n<\/div>\n\n\t\t\t<!-- COUNT TEXT -->\n\t\t\t\n\t\t\t<\/div>\n\n                    <\/div>\n                <\/div>\n\t\t\t<\/div>\n\t\t<\/div>\n\t\t<a class=\"eltdf-pli-link\" itemprop=\"url\" href=\"https:\/\/rupa.lt\/en\/product\/apelsininis-sampunas\/\" title=\"Apelsininis \u0161amp\u016bnas\"><\/a>\n\t<\/div>\n<\/div><div class=\"eltdf-pli eltdf-item-space\">\n\t<div class=\"eltdf-pli-inner\">\n\t\t<div class=\"eltdf-pli-image\">\n\t\t\t\n<img loading=\"lazy\" decoding=\"async\" width=\"500\" height=\"500\" src=\"https:\/\/rupa.lt\/wp-content\/uploads\/2016\/03\/shampoo-agrumi-naturalmente.png\" class=\"attachment-full size-full wp-post-image\" alt=\"NATURALMENTE Citrusini\u0173 vaisi\u0173 \u0161amp\u016bnas\" \/>\t\t<\/div>\n\t\t<div class=\"eltdf-pli-text\" >\n\t\t\t<div class=\"eltdf-pli-text-outer\">\n\t\t\t\t<div class=\"eltdf-pli-text-inner\">\n\t\t\t\t\t    <h5 itemprop=\"name\" class=\"entry-title eltdf-pli-title\" >\n\t\t<a itemprop=\"url\" href=\"https:\/\/rupa.lt\/en\/product\/citrusiniu-vaisiu-sampunas\/\">Citrusini\u0173 vaisi\u0173 \u0161amp\u016bnas<\/a>\n\t<\/h5>\n\t\t\t\t\t\n\t\t\t\t\t\t\t<p class=\"eltdf-pli-category\"><a href=\"https:\/\/rupa.lt\/en\/product-category\/naturalmente\/naturalmente-sampunai\/\" rel=\"tag\">Shampoos<\/a><\/p>\n\t\t\t\t\t\t\n\t\t\t\t\t\t\t\t\t\t\n\t\t\t\t\t\t\t\t\t\t\n\t\t\t\t\t\t<div class=\"eltdf-pli-price\" ><span class=\"woocommerce-Price-amount amount\" aria-hidden=\"true\">24.00<span class=\"woocommerce-Price-currencySymbol\">&euro;<\/span><\/span> <span aria-hidden=\"true\">&ndash;<\/span> <span class=\"woocommerce-Price-amount amount\" aria-hidden=\"true\">73.00<span class=\"woocommerce-Price-currencySymbol\">&euro;<\/span><\/span><span class=\"screen-reader-text\" data-no-translation=\"\" data-trp-gettext=\"\">Price range: 24.00&euro; through 73.00&euro;<\/span><\/div>\n\n                    <div class=\"eltdf-pli-icons-holder\">\n                        <a href=\"#\" class=\"yith-quickview-button yith-wcqv-button\" data-product_id=\"539\">Quick view<\/a>\n<div\n\tclass=\"yith-wcwl-add-to-wishlist add-to-wishlist-539  wishlist-fragment on-first-load\"\n\tdata-fragment-ref=\"539\"\n\tdata-fragment-options=\"{&quot;base_url&quot;:&quot;&quot;,&quot;in_default_wishlist&quot;:false,&quot;is_single&quot;:false,&quot;show_exists&quot;:false,&quot;product_id&quot;:539,&quot;parent_product_id&quot;:539,&quot;product_type&quot;:&quot;variable&quot;,&quot;show_view&quot;:false,&quot;browse_wishlist_text&quot;:&quot;Per\\u017ei\\u016br\\u0117ti&quot;,&quot;already_in_wishslist_text&quot;:&quot;Produktas jau sara\\u0161e&quot;,&quot;product_added_text&quot;:&quot;Proguktas prid\\u0117tas!&quot;,&quot;heading_icon&quot;:&quot;heart-outline&quot;,&quot;available_multi_wishlist&quot;:false,&quot;disable_wishlist&quot;:false,&quot;show_count&quot;:false,&quot;ajax_loading&quot;:false,&quot;loop_position&quot;:&quot;after_add_to_cart&quot;,&quot;item&quot;:&quot;add_to_wishlist&quot;}\"\n>\n\t\t\t\n\t\t\t<!-- ADD TO WISHLIST -->\n\t\t\t\n<div class=\"yith-wcwl-add-button\">\n\t<a\n\t\thref=\"?add_to_wishlist=539&#038;_wpnonce=90e81dddf9\"\n\t\tclass=\"add_to_wishlist single_add_to_wishlist\"\n\t\tdata-product-id=\"539\"\n\t\tdata-product-type=\"variable\"\n\t\tdata-original-product-id=\"539\"\n\t\tdata-title=\"prid\u0117ti \u012f nor\u0173 s\u0105ra\u0161\u0105\"\n\t\trel=\"nofollow\"\n\t>\n\t\t<i class=\"yith-wcwl-icon fa heart-outline\"><\/i>\t\t<span>add to wishlist<\/span>\n\t<\/a>\n<\/div>\n\n\t\t\t<!-- COUNT TEXT -->\n\t\t\t\n\t\t\t<\/div>\n\n                    <\/div>\n                <\/div>\n\t\t\t<\/div>\n\t\t<\/div>\n\t\t<a class=\"eltdf-pli-link\" itemprop=\"url\" href=\"https:\/\/rupa.lt\/en\/product\/citrusiniu-vaisiu-sampunas\/\" title=\"Citrusini\u0173 vaisi\u0173 \u0161amp\u016bnas\"><\/a>\n\t<\/div>\n<\/div><div class=\"eltdf-pli eltdf-item-space\">\n\t<div class=\"eltdf-pli-inner\">\n\t\t<div class=\"eltdf-pli-image\">\n\t\t\t\n<img loading=\"lazy\" decoding=\"async\" width=\"500\" height=\"500\" src=\"https:\/\/rupa.lt\/wp-content\/uploads\/2016\/03\/conditioner-yogurt-e-miglio-1.png\" class=\"attachment-full size-full wp-post-image\" alt=\"conditioner-yogurt-e-miglio-jogurto-sor\u0173-kondicionierius\" \/>\t\t<\/div>\n\t\t<div class=\"eltdf-pli-text\" >\n\t\t\t<div class=\"eltdf-pli-text-outer\">\n\t\t\t\t<div class=\"eltdf-pli-text-inner\">\n\t\t\t\t\t    <h5 itemprop=\"name\" class=\"entry-title eltdf-pli-title\" >\n\t\t<a itemprop=\"url\" href=\"https:\/\/rupa.lt\/en\/product\/jogurto-ir-soru-kondicionierius\/\">Jogurto ir sor\u0173 kondicionierius<\/a>\n\t<\/h5>\n\t\t\t\t\t\n\t\t\t\t\t\t\t<p class=\"eltdf-pli-category\"><a href=\"https:\/\/rupa.lt\/en\/product-category\/naturalmente\/naturalmente-kaukes-ir-kondicionieriai\/\" rel=\"tag\">Masks and conditioners<\/a><\/p>\n\t\t\t\t\t\t\n\t\t\t\t\t\t\t\t\t\t\n\t\t\t\t\t\t\t\t\t\t\n\t\t\t\t\t\t<div class=\"eltdf-pli-price\" ><span class=\"woocommerce-Price-amount amount\" aria-hidden=\"true\">27.00<span class=\"woocommerce-Price-currencySymbol\">&euro;<\/span><\/span> <span aria-hidden=\"true\">&ndash;<\/span> <span class=\"woocommerce-Price-amount amount\" aria-hidden=\"true\">79.00<span class=\"woocommerce-Price-currencySymbol\">&euro;<\/span><\/span><span class=\"screen-reader-text\" data-no-translation=\"\" data-trp-gettext=\"\">Price range: 27.00&euro; through 79.00&euro;<\/span><\/div>\n\n                    <div class=\"eltdf-pli-icons-holder\">\n                        <a href=\"#\" class=\"yith-quickview-button yith-wcqv-button\" data-product_id=\"545\">Quick view<\/a>\n<div\n\tclass=\"yith-wcwl-add-to-wishlist add-to-wishlist-545  wishlist-fragment on-first-load\"\n\tdata-fragment-ref=\"545\"\n\tdata-fragment-options=\"{&quot;base_url&quot;:&quot;&quot;,&quot;in_default_wishlist&quot;:false,&quot;is_single&quot;:false,&quot;show_exists&quot;:false,&quot;product_id&quot;:545,&quot;parent_product_id&quot;:545,&quot;product_type&quot;:&quot;variable&quot;,&quot;show_view&quot;:false,&quot;browse_wishlist_text&quot;:&quot;Per\\u017ei\\u016br\\u0117ti&quot;,&quot;already_in_wishslist_text&quot;:&quot;Produktas jau sara\\u0161e&quot;,&quot;product_added_text&quot;:&quot;Proguktas prid\\u0117tas!&quot;,&quot;heading_icon&quot;:&quot;heart-outline&quot;,&quot;available_multi_wishlist&quot;:false,&quot;disable_wishlist&quot;:false,&quot;show_count&quot;:false,&quot;ajax_loading&quot;:false,&quot;loop_position&quot;:&quot;after_add_to_cart&quot;,&quot;item&quot;:&quot;add_to_wishlist&quot;}\"\n>\n\t\t\t\n\t\t\t<!-- ADD TO WISHLIST -->\n\t\t\t\n<div class=\"yith-wcwl-add-button\">\n\t<a\n\t\thref=\"?add_to_wishlist=545&#038;_wpnonce=90e81dddf9\"\n\t\tclass=\"add_to_wishlist single_add_to_wishlist\"\n\t\tdata-product-id=\"545\"\n\t\tdata-product-type=\"variable\"\n\t\tdata-original-product-id=\"545\"\n\t\tdata-title=\"prid\u0117ti \u012f nor\u0173 s\u0105ra\u0161\u0105\"\n\t\trel=\"nofollow\"\n\t>\n\t\t<i class=\"yith-wcwl-icon fa heart-outline\"><\/i>\t\t<span>add to wishlist<\/span>\n\t<\/a>\n<\/div>\n\n\t\t\t<!-- COUNT TEXT -->\n\t\t\t\n\t\t\t<\/div>\n\n                    <\/div>\n                <\/div>\n\t\t\t<\/div>\n\t\t<\/div>\n\t\t<a class=\"eltdf-pli-link\" itemprop=\"url\" href=\"https:\/\/rupa.lt\/en\/product\/jogurto-ir-soru-kondicionierius\/\" title=\"Jogurto ir sor\u0173 kondicionierius\"><\/a>\n\t<\/div>\n<\/div>\t<\/div>\n<\/div><\/div><\/div><\/div><\/div><\/div><\/div>","protected":false},"excerpt":{"rendered":"Sud\u0117tis: Jogurtas: mink\u0161tina, dr\u0117kina, maitina. Sora: atstato od\u0105 ir plaukus, apr\u016bpina mineralais. Hidrolizuoti soj\u0173 proteinai: maitinimas, \u017evilgesys, apsauga. Be sintetini\u0173 kvap\u0173, konservant\u0173, paraben\u0173, DEA, formaldehidini\u0173 pried\u0173. flakonas, \u012f kur\u012f i\u0161pilstytas produktas (be kam\u0161telio), pagamintas i\u0161 perdirbto plastiko. INCI:\u00a0Aqua [Water] (Eau), [...]","protected":false},"author":1,"featured_media":0,"parent":0,"menu_order":0,"comment_status":"closed","ping_status":"closed","template":"full-width.php","meta":{"footnotes":""},"class_list":["post-231","page","type-page","status-publish","hentry"],"_links":{"self":[{"href":"https:\/\/rupa.lt\/en\/wp-json\/wp\/v2\/pages\/231","targetHints":{"allow":["GET"]}}],"collection":[{"href":"https:\/\/rupa.lt\/en\/wp-json\/wp\/v2\/pages"}],"about":[{"href":"https:\/\/rupa.lt\/en\/wp-json\/wp\/v2\/types\/page"}],"author":[{"embeddable":true,"href":"https:\/\/rupa.lt\/en\/wp-json\/wp\/v2\/users\/1"}],"replies":[{"embeddable":true,"href":"https:\/\/rupa.lt\/en\/wp-json\/wp\/v2\/comments?post=231"}],"version-history":[{"count":9,"href":"https:\/\/rupa.lt\/en\/wp-json\/wp\/v2\/pages\/231\/revisions"}],"predecessor-version":[{"id":8142,"href":"https:\/\/rupa.lt\/en\/wp-json\/wp\/v2\/pages\/231\/revisions\/8142"}],"wp:attachment":[{"href":"https:\/\/rupa.lt\/en\/wp-json\/wp\/v2\/media?parent=231"}],"curies":[{"name":"wp","href":"https:\/\/api.w.org\/{rel}","templated":true}]}}