{"id":226,"date":"2018-08-22T14:27:53","date_gmt":"2018-08-22T14:27:53","guid":{"rendered":"http:\/\/onea.elated-themes.com\/?page_id=226"},"modified":"2018-08-22T14:27:53","modified_gmt":"2018-08-22T14:27:53","slug":"two-columns","status":"publish","type":"page","link":"https:\/\/rupa.lt\/en\/oway-naturamlente-tek-eco-shop\/two-columns\/","title":{"rendered":"Two Columns"},"content":{"rendered":"<div class=\"eltdf-row-grid-section-wrapper\"  ><div class=\"eltdf-row-grid-section\"><div class=\"vc_row wpb_row vc_row-fluid\" ><div class=\"wpb_column vc_column_container vc_col-sm-12\"><div class=\"vc_column-inner\"><div class=\"wpb_wrapper\"><div class=\"eltdf-pl-holder eltdf-grid-list eltdf-disable-bottom-space eltdf-standard-layout eltdf-two-columns eltdf-normal-space eltdf-info-on-image  eltdf-product-add-to-cart-in-box     eltdf-hover-type-simple custom-text-position-left eltdf-navigation-bellow-slider\"  data-type=\"standard\" data-info-position=\"info-on-image\" data-number-of-posts=\"6\" data-with-custom-text-position=\"left\" data-number-of-columns=\"two\" data-space-between-items=\"normal\" data-orderby=\"menu_order\" data-order=\"ASC\" data-show-all-item-in-filter=\"yes\" data-taxonomy-to-display=\"category\" data-show-category-filter=\"no\" data-image-size=\"full\" data-display-title=\"yes\" data-title-tag=\"h5\" data-display-category=\"yes\" data-display-excerpt=\"no\" data-excerpt-length=\"50\" data-display-rating=\"no\" data-display-price=\"yes\" data-display-button=\"yes\" data-button-skin=\"default\" data-hover-type=\"simple\" data-number-of-visible-items=\"3\" data-slider-loop=\"yes\" data-slider-autoplay=\"yes\" data-slider-speed=\"5000\" data-slider-speed-animation=\"600\" data-slider-navigation=\"yes\" data-slider-navigation-position=\"bellow-slider\" data-slider-pagination=\"yes\" data-class-name=\"pli\" data-max-num-pages=\"20\" data-next-page=\"2\">\n            <div class=\"eltdf-prl-loading\">\n        <span class=\"eltdf-prl-loading-msg\">Loading...<\/span>\n    <\/div>\n    <div class=\"eltdf-pl-outer eltdf-outer-space\">\n        <div class=\"eltdf-pli eltdf-item-space\">\n\t<div class=\"eltdf-pli-inner\">\n\t\t<div class=\"eltdf-pli-image\">\n\t\t\t\n<img loading=\"lazy\" decoding=\"async\" width=\"500\" height=\"500\" src=\"https:\/\/rupa.lt\/wp-content\/uploads\/2016\/03\/shampoo-finocchio-e-geranio-naturalmente.png\" class=\"attachment-full size-full wp-post-image\" alt=\"shampoo-finocchio-e-geranio-naturalmente-basic-pankoli\u0173-dr\u0117kinantis\" \/>\t\t<\/div>\n\t\t<div class=\"eltdf-pli-text\" >\n\t\t\t<div class=\"eltdf-pli-text-outer\">\n\t\t\t\t<div class=\"eltdf-pli-text-inner\">\n\t\t\t\t\t    <h5 itemprop=\"name\" class=\"entry-title eltdf-pli-title\" >\n\t\t<a itemprop=\"url\" href=\"https:\/\/rupa.lt\/en\/product\/pankoliu-ir-snapuciu-sampunas\/\">Pankoli\u0173 ir snapu\u010di\u0173 \u0161amp\u016bnas<\/a>\n\t<\/h5>\n\t\t\t\t\t\n\t\t\t\t\t\t\t<p class=\"eltdf-pli-category\"><a href=\"https:\/\/rupa.lt\/en\/product-category\/naturalmente\/naturalmente-sampunai\/\" rel=\"tag\">Shampoos<\/a><\/p>\n\t\t\t\t\t\t\n\t\t\t\t\t\t\t\t\t\t\n\t\t\t\t\t\t\t\t\t\t\n\t\t\t\t\t\t<div class=\"eltdf-pli-price\" ><span class=\"woocommerce-Price-amount amount\" aria-hidden=\"true\">24.00<span class=\"woocommerce-Price-currencySymbol\">&euro;<\/span><\/span> <span aria-hidden=\"true\">&ndash;<\/span> <span class=\"woocommerce-Price-amount amount\" aria-hidden=\"true\">73.00<span class=\"woocommerce-Price-currencySymbol\">&euro;<\/span><\/span><span class=\"screen-reader-text\" data-no-translation=\"\" data-trp-gettext=\"\">Price range: 24.00&euro; through 73.00&euro;<\/span><\/div>\n\n                    <div class=\"eltdf-pli-icons-holder\">\n                        \t\n\t<div class=\"eltdf-pli-add-to-cart eltdf-default-skin\" >\n\t\t<a rel=\"nofollow\" href=\"https:\/\/rupa.lt\/en\/product\/pankoliu-ir-snapuciu-sampunas\/\" data-quantity=\"1\" data-product_id=\"514\" data-product_sku=\"\" class=\"button product_type_variable add_to_cart_button eltdf-button\" data-no-translation=\"\" data-trp-gettext=\"\">Select options<\/a>\t<\/div>\n<a href=\"#\" class=\"yith-quickview-button yith-wcqv-button\" data-product_id=\"514\">Quick view<\/a>\n<div\n\tclass=\"yith-wcwl-add-to-wishlist add-to-wishlist-514  wishlist-fragment on-first-load\"\n\tdata-fragment-ref=\"514\"\n\tdata-fragment-options=\"{&quot;base_url&quot;:&quot;&quot;,&quot;in_default_wishlist&quot;:false,&quot;is_single&quot;:false,&quot;show_exists&quot;:false,&quot;product_id&quot;:514,&quot;parent_product_id&quot;:514,&quot;product_type&quot;:&quot;variable&quot;,&quot;show_view&quot;:false,&quot;browse_wishlist_text&quot;:&quot;Per\\u017ei\\u016br\\u0117ti&quot;,&quot;already_in_wishslist_text&quot;:&quot;Produktas jau sara\\u0161e&quot;,&quot;product_added_text&quot;:&quot;Proguktas prid\\u0117tas!&quot;,&quot;heading_icon&quot;:&quot;fa-heart-o&quot;,&quot;available_multi_wishlist&quot;:false,&quot;disable_wishlist&quot;:false,&quot;show_count&quot;:false,&quot;ajax_loading&quot;:false,&quot;loop_position&quot;:&quot;after_add_to_cart&quot;,&quot;item&quot;:&quot;add_to_wishlist&quot;}\"\n>\n\t\t\t\n\t\t\t<!-- ADD TO WISHLIST -->\n\t\t\t\n<div class=\"yith-wcwl-add-button\">\n\t<a\n\t\thref=\"?add_to_wishlist=514&#038;_wpnonce=cce7e51f9a\"\n\t\tclass=\"add_to_wishlist single_add_to_wishlist\"\n\t\tdata-product-id=\"514\"\n\t\tdata-product-type=\"variable\"\n\t\tdata-original-product-id=\"514\"\n\t\tdata-title=\"prid\u0117ti \u012f nor\u0173 s\u0105ra\u0161\u0105\"\n\t\trel=\"nofollow\"\n\t>\n\t\t<i class=\"yith-wcwl-icon fa fa-heart-o\"><\/i>\t\t<span>add to wishlist<\/span>\n\t<\/a>\n<\/div>\n\n\t\t\t<!-- COUNT TEXT -->\n\t\t\t\n\t\t\t<\/div>\n\n                    <\/div>\n                <\/div>\n\t\t\t<\/div>\n\t\t<\/div>\n\t\t<a class=\"eltdf-pli-link\" itemprop=\"url\" href=\"https:\/\/rupa.lt\/en\/product\/pankoliu-ir-snapuciu-sampunas\/\" title=\"Pankoli\u0173 ir snapu\u010di\u0173 \u0161amp\u016bnas\"><\/a>\n\t<\/div>\n<\/div><div class=\"eltdf-pli eltdf-item-space\">\n\t<div class=\"eltdf-pli-inner\">\n\t\t<div class=\"eltdf-pli-image\">\n\t\t\t\n<img loading=\"lazy\" decoding=\"async\" width=\"500\" height=\"500\" src=\"https:\/\/rupa.lt\/wp-content\/uploads\/2016\/03\/shampoo-rosmarino-e-lavanda-naturalmente.png\" class=\"attachment-full size-full wp-post-image\" alt=\"Rozmarin\u0173 ir levand\u0173 valantis ekologi\u0161kas nat\u016bralus \u0161amp\u016bnas NATURALMENTE\" \/>\t\t<\/div>\n\t\t<div class=\"eltdf-pli-text\" >\n\t\t\t<div class=\"eltdf-pli-text-outer\">\n\t\t\t\t<div class=\"eltdf-pli-text-inner\">\n\t\t\t\t\t    <h5 itemprop=\"name\" class=\"entry-title eltdf-pli-title\" >\n\t\t<a itemprop=\"url\" href=\"https:\/\/rupa.lt\/en\/product\/naturalmente-rozmarinu-ir-levandu-sampunas\/\">Rozmarin\u0173 ir levand\u0173 \u0161amp\u016bnas<\/a>\n\t<\/h5>\n\t\t\t\t\t\n\t\t\t\t\t\t\t<p class=\"eltdf-pli-category\"><a href=\"https:\/\/rupa.lt\/en\/product-category\/naturalmente\/naturalmente-sampunai\/\" rel=\"tag\">Shampoos<\/a><\/p>\n\t\t\t\t\t\t\n\t\t\t\t\t\t\t\t\t\t\n\t\t\t\t\t\t\t\t\t\t\n\t\t\t\t\t\t<div class=\"eltdf-pli-price\" ><span class=\"woocommerce-Price-amount amount\" aria-hidden=\"true\">24.00<span class=\"woocommerce-Price-currencySymbol\">&euro;<\/span><\/span> <span aria-hidden=\"true\">&ndash;<\/span> <span class=\"woocommerce-Price-amount amount\" aria-hidden=\"true\">73.00<span class=\"woocommerce-Price-currencySymbol\">&euro;<\/span><\/span><span class=\"screen-reader-text\" data-no-translation=\"\" data-trp-gettext=\"\">Price range: 24.00&euro; through 73.00&euro;<\/span><\/div>\n\n                    <div class=\"eltdf-pli-icons-holder\">\n                        \t\n\t<div class=\"eltdf-pli-add-to-cart eltdf-default-skin\" >\n\t\t<a rel=\"nofollow\" href=\"https:\/\/rupa.lt\/en\/product\/naturalmente-rozmarinu-ir-levandu-sampunas\/\" data-quantity=\"1\" data-product_id=\"520\" data-product_sku=\"\" class=\"button product_type_variable add_to_cart_button eltdf-button\" data-no-translation=\"\" data-trp-gettext=\"\">Select options<\/a>\t<\/div>\n<a href=\"#\" class=\"yith-quickview-button yith-wcqv-button\" data-product_id=\"520\">Quick view<\/a>\n<div\n\tclass=\"yith-wcwl-add-to-wishlist add-to-wishlist-520  wishlist-fragment on-first-load\"\n\tdata-fragment-ref=\"520\"\n\tdata-fragment-options=\"{&quot;base_url&quot;:&quot;&quot;,&quot;in_default_wishlist&quot;:false,&quot;is_single&quot;:false,&quot;show_exists&quot;:false,&quot;product_id&quot;:520,&quot;parent_product_id&quot;:520,&quot;product_type&quot;:&quot;variable&quot;,&quot;show_view&quot;:false,&quot;browse_wishlist_text&quot;:&quot;Per\\u017ei\\u016br\\u0117ti&quot;,&quot;already_in_wishslist_text&quot;:&quot;Produktas jau sara\\u0161e&quot;,&quot;product_added_text&quot;:&quot;Proguktas prid\\u0117tas!&quot;,&quot;heading_icon&quot;:&quot;fa-heart-o&quot;,&quot;available_multi_wishlist&quot;:false,&quot;disable_wishlist&quot;:false,&quot;show_count&quot;:false,&quot;ajax_loading&quot;:false,&quot;loop_position&quot;:&quot;after_add_to_cart&quot;,&quot;item&quot;:&quot;add_to_wishlist&quot;}\"\n>\n\t\t\t\n\t\t\t<!-- ADD TO WISHLIST -->\n\t\t\t\n<div class=\"yith-wcwl-add-button\">\n\t<a\n\t\thref=\"?add_to_wishlist=520&#038;_wpnonce=cce7e51f9a\"\n\t\tclass=\"add_to_wishlist single_add_to_wishlist\"\n\t\tdata-product-id=\"520\"\n\t\tdata-product-type=\"variable\"\n\t\tdata-original-product-id=\"520\"\n\t\tdata-title=\"prid\u0117ti \u012f nor\u0173 s\u0105ra\u0161\u0105\"\n\t\trel=\"nofollow\"\n\t>\n\t\t<i class=\"yith-wcwl-icon fa fa-heart-o\"><\/i>\t\t<span>add to wishlist<\/span>\n\t<\/a>\n<\/div>\n\n\t\t\t<!-- COUNT TEXT -->\n\t\t\t\n\t\t\t<\/div>\n\n                    <\/div>\n                <\/div>\n\t\t\t<\/div>\n\t\t<\/div>\n\t\t<a class=\"eltdf-pli-link\" itemprop=\"url\" href=\"https:\/\/rupa.lt\/en\/product\/naturalmente-rozmarinu-ir-levandu-sampunas\/\" title=\"Rozmarin\u0173 ir levand\u0173 \u0161amp\u016bnas\"><\/a>\n\t<\/div>\n<\/div><div class=\"eltdf-pli eltdf-item-space\">\n\t<div class=\"eltdf-pli-inner\">\n\t\t<div class=\"eltdf-pli-image\">\n\t\t\t\n<img loading=\"lazy\" decoding=\"async\" width=\"500\" height=\"500\" src=\"https:\/\/rupa.lt\/wp-content\/uploads\/2016\/03\/shampoo-orange-naturalmente.png\" class=\"attachment-full size-full wp-post-image\" alt=\"rupa-shampoo-orange-naturalmente-basic\" \/>\t\t<\/div>\n\t\t<div class=\"eltdf-pli-text\" >\n\t\t\t<div class=\"eltdf-pli-text-outer\">\n\t\t\t\t<div class=\"eltdf-pli-text-inner\">\n\t\t\t\t\t    <h5 itemprop=\"name\" class=\"entry-title eltdf-pli-title\" >\n\t\t<a itemprop=\"url\" href=\"https:\/\/rupa.lt\/en\/product\/apelsininis-sampunas\/\">Apelsininis \u0161amp\u016bnas<\/a>\n\t<\/h5>\n\t\t\t\t\t\n\t\t\t\t\t\t\t<p class=\"eltdf-pli-category\"><a href=\"https:\/\/rupa.lt\/en\/product-category\/naturalmente\/naturalmente-sampunai\/\" rel=\"tag\">Shampoos<\/a><\/p>\n\t\t\t\t\t\t\n\t\t\t\t\t\t\t\t\t\t\n\t\t\t\t\t\t\t\t\t\t\n\t\t\t\t\t\t<div class=\"eltdf-pli-price\" ><span class=\"woocommerce-Price-amount amount\" aria-hidden=\"true\">24.00<span class=\"woocommerce-Price-currencySymbol\">&euro;<\/span><\/span> <span aria-hidden=\"true\">&ndash;<\/span> <span class=\"woocommerce-Price-amount amount\" aria-hidden=\"true\">73.00<span class=\"woocommerce-Price-currencySymbol\">&euro;<\/span><\/span><span class=\"screen-reader-text\" data-no-translation=\"\" data-trp-gettext=\"\">Price range: 24.00&euro; through 73.00&euro;<\/span><\/div>\n\n                    <div class=\"eltdf-pli-icons-holder\">\n                        \t\n\t<div class=\"eltdf-pli-add-to-cart eltdf-default-skin\" >\n\t\t<a rel=\"nofollow\" href=\"https:\/\/rupa.lt\/en\/product\/apelsininis-sampunas\/\" data-quantity=\"1\" data-product_id=\"531\" data-product_sku=\"\" class=\"button product_type_variable add_to_cart_button eltdf-button\" data-no-translation=\"\" data-trp-gettext=\"\">Select options<\/a>\t<\/div>\n<a href=\"#\" class=\"yith-quickview-button yith-wcqv-button\" data-product_id=\"531\">Quick view<\/a>\n<div\n\tclass=\"yith-wcwl-add-to-wishlist add-to-wishlist-531  wishlist-fragment on-first-load\"\n\tdata-fragment-ref=\"531\"\n\tdata-fragment-options=\"{&quot;base_url&quot;:&quot;&quot;,&quot;in_default_wishlist&quot;:false,&quot;is_single&quot;:false,&quot;show_exists&quot;:false,&quot;product_id&quot;:531,&quot;parent_product_id&quot;:531,&quot;product_type&quot;:&quot;variable&quot;,&quot;show_view&quot;:false,&quot;browse_wishlist_text&quot;:&quot;Per\\u017ei\\u016br\\u0117ti&quot;,&quot;already_in_wishslist_text&quot;:&quot;Produktas jau sara\\u0161e&quot;,&quot;product_added_text&quot;:&quot;Proguktas prid\\u0117tas!&quot;,&quot;heading_icon&quot;:&quot;fa-heart-o&quot;,&quot;available_multi_wishlist&quot;:false,&quot;disable_wishlist&quot;:false,&quot;show_count&quot;:false,&quot;ajax_loading&quot;:false,&quot;loop_position&quot;:&quot;after_add_to_cart&quot;,&quot;item&quot;:&quot;add_to_wishlist&quot;}\"\n>\n\t\t\t\n\t\t\t<!-- ADD TO WISHLIST -->\n\t\t\t\n<div class=\"yith-wcwl-add-button\">\n\t<a\n\t\thref=\"?add_to_wishlist=531&#038;_wpnonce=cce7e51f9a\"\n\t\tclass=\"add_to_wishlist single_add_to_wishlist\"\n\t\tdata-product-id=\"531\"\n\t\tdata-product-type=\"variable\"\n\t\tdata-original-product-id=\"531\"\n\t\tdata-title=\"prid\u0117ti \u012f nor\u0173 s\u0105ra\u0161\u0105\"\n\t\trel=\"nofollow\"\n\t>\n\t\t<i class=\"yith-wcwl-icon fa fa-heart-o\"><\/i>\t\t<span>add to wishlist<\/span>\n\t<\/a>\n<\/div>\n\n\t\t\t<!-- COUNT TEXT -->\n\t\t\t\n\t\t\t<\/div>\n\n                    <\/div>\n                <\/div>\n\t\t\t<\/div>\n\t\t<\/div>\n\t\t<a class=\"eltdf-pli-link\" itemprop=\"url\" href=\"https:\/\/rupa.lt\/en\/product\/apelsininis-sampunas\/\" title=\"Apelsininis \u0161amp\u016bnas\"><\/a>\n\t<\/div>\n<\/div><div class=\"eltdf-pli eltdf-item-space\">\n\t<div class=\"eltdf-pli-inner\">\n\t\t<div class=\"eltdf-pli-image\">\n\t\t\t\n<img loading=\"lazy\" decoding=\"async\" width=\"500\" height=\"500\" src=\"https:\/\/rupa.lt\/wp-content\/uploads\/2016\/03\/shampoo-agrumi-naturalmente.png\" class=\"attachment-full size-full wp-post-image\" alt=\"NATURALMENTE Citrusini\u0173 vaisi\u0173 \u0161amp\u016bnas\" \/>\t\t<\/div>\n\t\t<div class=\"eltdf-pli-text\" >\n\t\t\t<div class=\"eltdf-pli-text-outer\">\n\t\t\t\t<div class=\"eltdf-pli-text-inner\">\n\t\t\t\t\t    <h5 itemprop=\"name\" class=\"entry-title eltdf-pli-title\" >\n\t\t<a itemprop=\"url\" href=\"https:\/\/rupa.lt\/en\/product\/citrusiniu-vaisiu-sampunas\/\">Citrusini\u0173 vaisi\u0173 \u0161amp\u016bnas<\/a>\n\t<\/h5>\n\t\t\t\t\t\n\t\t\t\t\t\t\t<p class=\"eltdf-pli-category\"><a href=\"https:\/\/rupa.lt\/en\/product-category\/naturalmente\/naturalmente-sampunai\/\" rel=\"tag\">Shampoos<\/a><\/p>\n\t\t\t\t\t\t\n\t\t\t\t\t\t\t\t\t\t\n\t\t\t\t\t\t\t\t\t\t\n\t\t\t\t\t\t<div class=\"eltdf-pli-price\" ><span class=\"woocommerce-Price-amount amount\" aria-hidden=\"true\">24.00<span class=\"woocommerce-Price-currencySymbol\">&euro;<\/span><\/span> <span aria-hidden=\"true\">&ndash;<\/span> <span class=\"woocommerce-Price-amount amount\" aria-hidden=\"true\">73.00<span class=\"woocommerce-Price-currencySymbol\">&euro;<\/span><\/span><span class=\"screen-reader-text\" data-no-translation=\"\" data-trp-gettext=\"\">Price range: 24.00&euro; through 73.00&euro;<\/span><\/div>\n\n                    <div class=\"eltdf-pli-icons-holder\">\n                        \t\n\t<div class=\"eltdf-pli-add-to-cart eltdf-default-skin\" >\n\t\t<a rel=\"nofollow\" href=\"https:\/\/rupa.lt\/en\/product\/citrusiniu-vaisiu-sampunas\/\" data-quantity=\"1\" data-product_id=\"539\" data-product_sku=\"\" class=\"button product_type_variable add_to_cart_button eltdf-button\" data-no-translation=\"\" data-trp-gettext=\"\">Select options<\/a>\t<\/div>\n<a href=\"#\" class=\"yith-quickview-button yith-wcqv-button\" data-product_id=\"539\">Quick view<\/a>\n<div\n\tclass=\"yith-wcwl-add-to-wishlist add-to-wishlist-539  wishlist-fragment on-first-load\"\n\tdata-fragment-ref=\"539\"\n\tdata-fragment-options=\"{&quot;base_url&quot;:&quot;&quot;,&quot;in_default_wishlist&quot;:false,&quot;is_single&quot;:false,&quot;show_exists&quot;:false,&quot;product_id&quot;:539,&quot;parent_product_id&quot;:539,&quot;product_type&quot;:&quot;variable&quot;,&quot;show_view&quot;:false,&quot;browse_wishlist_text&quot;:&quot;Per\\u017ei\\u016br\\u0117ti&quot;,&quot;already_in_wishslist_text&quot;:&quot;Produktas jau sara\\u0161e&quot;,&quot;product_added_text&quot;:&quot;Proguktas prid\\u0117tas!&quot;,&quot;heading_icon&quot;:&quot;fa-heart-o&quot;,&quot;available_multi_wishlist&quot;:false,&quot;disable_wishlist&quot;:false,&quot;show_count&quot;:false,&quot;ajax_loading&quot;:false,&quot;loop_position&quot;:&quot;after_add_to_cart&quot;,&quot;item&quot;:&quot;add_to_wishlist&quot;}\"\n>\n\t\t\t\n\t\t\t<!-- ADD TO WISHLIST -->\n\t\t\t\n<div class=\"yith-wcwl-add-button\">\n\t<a\n\t\thref=\"?add_to_wishlist=539&#038;_wpnonce=cce7e51f9a\"\n\t\tclass=\"add_to_wishlist single_add_to_wishlist\"\n\t\tdata-product-id=\"539\"\n\t\tdata-product-type=\"variable\"\n\t\tdata-original-product-id=\"539\"\n\t\tdata-title=\"prid\u0117ti \u012f nor\u0173 s\u0105ra\u0161\u0105\"\n\t\trel=\"nofollow\"\n\t>\n\t\t<i class=\"yith-wcwl-icon fa fa-heart-o\"><\/i>\t\t<span>add to wishlist<\/span>\n\t<\/a>\n<\/div>\n\n\t\t\t<!-- COUNT TEXT -->\n\t\t\t\n\t\t\t<\/div>\n\n                    <\/div>\n                <\/div>\n\t\t\t<\/div>\n\t\t<\/div>\n\t\t<a class=\"eltdf-pli-link\" itemprop=\"url\" href=\"https:\/\/rupa.lt\/en\/product\/citrusiniu-vaisiu-sampunas\/\" title=\"Citrusini\u0173 vaisi\u0173 \u0161amp\u016bnas\"><\/a>\n\t<\/div>\n<\/div><div class=\"eltdf-pli eltdf-item-space\">\n\t<div class=\"eltdf-pli-inner\">\n\t\t<div class=\"eltdf-pli-image\">\n\t\t\t\n<img loading=\"lazy\" decoding=\"async\" width=\"500\" height=\"500\" src=\"https:\/\/rupa.lt\/wp-content\/uploads\/2016\/03\/conditioner-orange-naturalmente-1.png\" class=\"attachment-full size-full wp-post-image\" alt=\"conditioner-orange-naturalmente-apelsin\u0173-kondicionierius-ploniems-plaukams\" \/>\t\t<\/div>\n\t\t<div class=\"eltdf-pli-text\" >\n\t\t\t<div class=\"eltdf-pli-text-outer\">\n\t\t\t\t<div class=\"eltdf-pli-text-inner\">\n\t\t\t\t\t    <h5 itemprop=\"name\" class=\"entry-title eltdf-pli-title\" >\n\t\t<a itemprop=\"url\" href=\"https:\/\/rupa.lt\/en\/product\/apelsininis-kondicionierius\/\">Apelsininis kondicionierius<\/a>\n\t<\/h5>\n\t\t\t\t\t\n\t\t\t\t\t\t\t<p class=\"eltdf-pli-category\"><a href=\"https:\/\/rupa.lt\/en\/product-category\/naturalmente\/naturalmente-kaukes-ir-kondicionieriai\/\" rel=\"tag\">Masks and conditioners<\/a><\/p>\n\t\t\t\t\t\t\n\t\t\t\t\t\t\t\t\t\t\n\t\t\t\t\t\t\t\t\t\t\n\t\t\t\t\t\t<div class=\"eltdf-pli-price\" ><span class=\"woocommerce-Price-amount amount\" aria-hidden=\"true\">27.00<span class=\"woocommerce-Price-currencySymbol\">&euro;<\/span><\/span> <span aria-hidden=\"true\">&ndash;<\/span> <span class=\"woocommerce-Price-amount amount\" aria-hidden=\"true\">79.00<span class=\"woocommerce-Price-currencySymbol\">&euro;<\/span><\/span><span class=\"screen-reader-text\" data-no-translation=\"\" data-trp-gettext=\"\">Price range: 27.00&euro; through 79.00&euro;<\/span><\/div>\n\n                    <div class=\"eltdf-pli-icons-holder\">\n                        \t\n\t<div class=\"eltdf-pli-add-to-cart eltdf-default-skin\" >\n\t\t<a rel=\"nofollow\" href=\"https:\/\/rupa.lt\/en\/product\/apelsininis-kondicionierius\/\" data-quantity=\"1\" data-product_id=\"556\" data-product_sku=\"\" class=\"button product_type_variable add_to_cart_button eltdf-button\" data-no-translation=\"\" data-trp-gettext=\"\">Select options<\/a>\t<\/div>\n<a href=\"#\" class=\"yith-quickview-button yith-wcqv-button\" data-product_id=\"556\">Quick view<\/a>\n<div\n\tclass=\"yith-wcwl-add-to-wishlist add-to-wishlist-556  wishlist-fragment on-first-load\"\n\tdata-fragment-ref=\"556\"\n\tdata-fragment-options=\"{&quot;base_url&quot;:&quot;&quot;,&quot;in_default_wishlist&quot;:false,&quot;is_single&quot;:false,&quot;show_exists&quot;:false,&quot;product_id&quot;:556,&quot;parent_product_id&quot;:556,&quot;product_type&quot;:&quot;variable&quot;,&quot;show_view&quot;:false,&quot;browse_wishlist_text&quot;:&quot;Per\\u017ei\\u016br\\u0117ti&quot;,&quot;already_in_wishslist_text&quot;:&quot;Produktas jau sara\\u0161e&quot;,&quot;product_added_text&quot;:&quot;Proguktas prid\\u0117tas!&quot;,&quot;heading_icon&quot;:&quot;fa-heart-o&quot;,&quot;available_multi_wishlist&quot;:false,&quot;disable_wishlist&quot;:false,&quot;show_count&quot;:false,&quot;ajax_loading&quot;:false,&quot;loop_position&quot;:&quot;after_add_to_cart&quot;,&quot;item&quot;:&quot;add_to_wishlist&quot;}\"\n>\n\t\t\t\n\t\t\t<!-- ADD TO WISHLIST -->\n\t\t\t\n<div class=\"yith-wcwl-add-button\">\n\t<a\n\t\thref=\"?add_to_wishlist=556&#038;_wpnonce=cce7e51f9a\"\n\t\tclass=\"add_to_wishlist single_add_to_wishlist\"\n\t\tdata-product-id=\"556\"\n\t\tdata-product-type=\"variable\"\n\t\tdata-original-product-id=\"556\"\n\t\tdata-title=\"prid\u0117ti \u012f nor\u0173 s\u0105ra\u0161\u0105\"\n\t\trel=\"nofollow\"\n\t>\n\t\t<i class=\"yith-wcwl-icon fa fa-heart-o\"><\/i>\t\t<span>add to wishlist<\/span>\n\t<\/a>\n<\/div>\n\n\t\t\t<!-- COUNT TEXT -->\n\t\t\t\n\t\t\t<\/div>\n\n                    <\/div>\n                <\/div>\n\t\t\t<\/div>\n\t\t<\/div>\n\t\t<a class=\"eltdf-pli-link\" itemprop=\"url\" href=\"https:\/\/rupa.lt\/en\/product\/apelsininis-kondicionierius\/\" title=\"Apelsininis kondicionierius\"><\/a>\n\t<\/div>\n<\/div><div class=\"eltdf-pli eltdf-item-space\">\n\t<div class=\"eltdf-pli-inner\">\n\t\t<div class=\"eltdf-pli-image\">\n\t\t\t\n<img loading=\"lazy\" decoding=\"async\" width=\"500\" height=\"500\" src=\"https:\/\/rupa.lt\/wp-content\/uploads\/2016\/03\/tonico-spray-camomilla-e-aloe.png\" class=\"attachment-full size-full wp-post-image\" alt=\"pur\u0161kiamas ramun\u0117li\u0173 tonikas, nenuplaunamas kondicionierius, NATURALMENTE\" \/>\t\t<\/div>\n\t\t<div class=\"eltdf-pli-text\" >\n\t\t\t<div class=\"eltdf-pli-text-outer\">\n\t\t\t\t<div class=\"eltdf-pli-text-inner\">\n\t\t\t\t\t    <h5 itemprop=\"name\" class=\"entry-title eltdf-pli-title\" >\n\t\t<a itemprop=\"url\" href=\"https:\/\/rupa.lt\/en\/product\/purskiamas-ramuneliu-ir-alaviju-tonikas\/\">Pur\u0161kiamas ramun\u0117li\u0173 ir alavij\u0173 tonikas<\/a>\n\t<\/h5>\n\t\t\t\t\t\n\t\t\t\t\t\t\t<p class=\"eltdf-pli-category\"><a href=\"https:\/\/rupa.lt\/en\/product-category\/naturalmente\/naturalmente-kaukes-ir-kondicionieriai\/\" rel=\"tag\">Masks and conditioners<\/a><\/p>\n\t\t\t\t\t\t\n\t\t\t\t\t\t\t\t\t\t\n\t\t\t\t\t\t\t\t\t\t\n\t\t\t\t\t\t<div class=\"eltdf-pli-price\" ><span class=\"woocommerce-Price-amount amount\">30.00<span class=\"woocommerce-Price-currencySymbol\">\u20ac<\/span><\/span><\/div>\n\n                    <div class=\"eltdf-pli-icons-holder\">\n                        \t\n\t<div class=\"eltdf-pli-add-to-cart eltdf-default-skin\" >\n\t\t<a rel=\"nofollow\" href=\"\/en\/wp-json\/wp\/v2\/pages\/226?add-to-cart=558\" data-quantity=\"1\" data-product_id=\"558\" data-product_sku=\"\" class=\"button add_to_cart_button ajax_add_to_cart eltdf-button\" data-no-translation=\"\" data-trp-gettext=\"\">Add to basket<\/a>\t<\/div>\n<a href=\"#\" class=\"yith-quickview-button yith-wcqv-button\" data-product_id=\"558\">Quick view<\/a>\n<div\n\tclass=\"yith-wcwl-add-to-wishlist add-to-wishlist-558  wishlist-fragment on-first-load\"\n\tdata-fragment-ref=\"558\"\n\tdata-fragment-options=\"{&quot;base_url&quot;:&quot;&quot;,&quot;in_default_wishlist&quot;:false,&quot;is_single&quot;:false,&quot;show_exists&quot;:false,&quot;product_id&quot;:558,&quot;parent_product_id&quot;:558,&quot;product_type&quot;:&quot;simple&quot;,&quot;show_view&quot;:false,&quot;browse_wishlist_text&quot;:&quot;Per\\u017ei\\u016br\\u0117ti&quot;,&quot;already_in_wishslist_text&quot;:&quot;Produktas jau sara\\u0161e&quot;,&quot;product_added_text&quot;:&quot;Proguktas prid\\u0117tas!&quot;,&quot;heading_icon&quot;:&quot;fa-heart-o&quot;,&quot;available_multi_wishlist&quot;:false,&quot;disable_wishlist&quot;:false,&quot;show_count&quot;:false,&quot;ajax_loading&quot;:false,&quot;loop_position&quot;:&quot;after_add_to_cart&quot;,&quot;item&quot;:&quot;add_to_wishlist&quot;}\"\n>\n\t\t\t\n\t\t\t<!-- ADD TO WISHLIST -->\n\t\t\t\n<div class=\"yith-wcwl-add-button\">\n\t<a\n\t\thref=\"?add_to_wishlist=558&#038;_wpnonce=cce7e51f9a\"\n\t\tclass=\"add_to_wishlist single_add_to_wishlist\"\n\t\tdata-product-id=\"558\"\n\t\tdata-product-type=\"simple\"\n\t\tdata-original-product-id=\"558\"\n\t\tdata-title=\"prid\u0117ti \u012f nor\u0173 s\u0105ra\u0161\u0105\"\n\t\trel=\"nofollow\"\n\t>\n\t\t<i class=\"yith-wcwl-icon fa fa-heart-o\"><\/i>\t\t<span>add to wishlist<\/span>\n\t<\/a>\n<\/div>\n\n\t\t\t<!-- COUNT TEXT -->\n\t\t\t\n\t\t\t<\/div>\n\n                    <\/div>\n                <\/div>\n\t\t\t<\/div>\n\t\t<\/div>\n\t\t<a class=\"eltdf-pli-link\" itemprop=\"url\" href=\"https:\/\/rupa.lt\/en\/product\/purskiamas-ramuneliu-ir-alaviju-tonikas\/\" title=\"Pur\u0161kiamas ramun\u0117li\u0173 ir alavij\u0173 tonikas\"><\/a>\n\t<\/div>\n<\/div>\t<\/div>\n<\/div><\/div><\/div><\/div><\/div><\/div><\/div>","protected":false},"excerpt":{"rendered":"Sud\u0117tis: Ramun\u0117l\u0117: ramina, atpalaiduoja. Alavijas: mink\u0161tina, dr\u0117kina, ramina. Ricin\u0173 aliejus: mink\u0161tina, dr\u0117kina, suteikia apimt\u012f Be sintetini\u0173 kvap\u0173, konservant\u0173, paraben\u0173, DEA, formaldehidini\u0173 pried\u0173.","protected":false},"author":1,"featured_media":0,"parent":6595,"menu_order":0,"comment_status":"closed","ping_status":"closed","template":"full-width.php","meta":{"footnotes":""},"class_list":["post-226","page","type-page","status-publish","hentry"],"_links":{"self":[{"href":"https:\/\/rupa.lt\/en\/wp-json\/wp\/v2\/pages\/226","targetHints":{"allow":["GET"]}}],"collection":[{"href":"https:\/\/rupa.lt\/en\/wp-json\/wp\/v2\/pages"}],"about":[{"href":"https:\/\/rupa.lt\/en\/wp-json\/wp\/v2\/types\/page"}],"author":[{"embeddable":true,"href":"https:\/\/rupa.lt\/en\/wp-json\/wp\/v2\/users\/1"}],"replies":[{"embeddable":true,"href":"https:\/\/rupa.lt\/en\/wp-json\/wp\/v2\/comments?post=226"}],"version-history":[{"count":0,"href":"https:\/\/rupa.lt\/en\/wp-json\/wp\/v2\/pages\/226\/revisions"}],"up":[{"embeddable":true,"href":"https:\/\/rupa.lt\/en\/wp-json\/wp\/v2\/pages\/6595"}],"wp:attachment":[{"href":"https:\/\/rupa.lt\/en\/wp-json\/wp\/v2\/media?parent=226"}],"curies":[{"name":"wp","href":"https:\/\/api.w.org\/{rel}","templated":true}]}}