{"id":2130,"date":"2018-09-05T08:25:10","date_gmt":"2018-09-05T08:25:10","guid":{"rendered":"http:\/\/onea.elated-themes.com\/?page_id=2130"},"modified":"2023-10-29T11:01:03","modified_gmt":"2023-10-29T09:01:03","slug":"dovanukuponas","status":"publish","type":"page","link":"https:\/\/rupa.lt\/en\/dovanukuponas\/","title":{"rendered":"DOVAN\u0172 KUPONAS"},"content":{"rendered":"<div class=\"eltdf-row-grid-section-wrapper eltdf-parallax-row-holder\" data-parallax-bg-image=\"https:\/\/rupa.lt\/wp-content\/uploads\/revslider\/organic-h-slider-21-e1698422190115.jpg\" data-parallax-bg-speed=\"1\" data-parallax-bg-height=\"510\" ><div class=\"eltdf-row-grid-section\"><div class=\"vc_row wpb_row vc_row-fluid\" ><div class=\"wpb_column vc_column_container vc_col-sm-12\"><div class=\"vc_column-inner\"><div class=\"wpb_wrapper\"><div class=\"eltdf-elements-holder   eltdf-one-column  eltdf-responsive-mode-768\" ><div class=\"eltdf-eh-item     eltdf-eh-custom-7099\"  data-item-class=\"eltdf-eh-custom-7099\" data-1025-1366=\"15.7% 55% 0 0\" data-769-1024=\"11% 34% 11% 0\" data-681-768=\"11% 34% 11% 0\" data-481-680=\"15.4% 10% 58px 0\" data-480=\"15.4% 10% 58px 0\">\n\t<div class=\"eltdf-eh-item-inner\">\n\t\t<div class=\"eltdf-eh-item-content\" style=\"padding: 14.4% 55% 0 0\">\n\t\t\t<h1 class=\"eltdf-custom-font-holder  eltdf-cf-8850\" style=\"font-size: 60px;font-weight: 600;margin: 0px\" data-item-class=\"eltdf-cf-8850\" data-font-size-680=\"50px\">\n    \n        DOVAN\u0172 KUPONAS\n    <\/h1>\n\n<div class=\"vc_empty_space\"   style=\"height: 12px\"><span class=\"vc_empty_space_inner\"><\/span><\/div><div class=\"eltdf-section-title-holder  eltdf-st-standard eltdf-st-title-left eltdf-st-normal-space\" >\n\t<div class=\"eltdf-st-inner\">\n\t\t\t\t\t\t\t\t\t<p class=\"eltdf-st-text\" style=\"color: #3d3d3d;font-size: 17px;font-weight: 400;margin-top: 0px\">\n\t\t\t\tKai dovanojamas d\u0117mesys, r\u016bpestingumas ir laikas SAU.\t\t\t<\/p>\n\t\t\t<\/div>\n<\/div>\t\t<\/div>\n\t<\/div>\n    <div class=\"eltdf-elements-holder-background-outer\"  >\n        <div class=\"eltdf-elements-holder-background-inner\" ><\/div>\n    <\/div>\n<\/div><\/div><\/div><\/div><\/div><\/div><\/div><\/div><div class=\"eltdf-row-grid-section-wrapper\"  ><div class=\"eltdf-row-grid-section\"><div class=\"vc_row wpb_row vc_row-fluid vc_custom_1538042137785\" ><div class=\"wpb_column vc_column_container vc_col-sm-12 vc_col-lg-6 vc_col-md-12 vc_col-xs-12\"><div class=\"vc_column-inner\"><div class=\"wpb_wrapper\"><div class=\"eltdf-elements-holder   eltdf-one-column  eltdf-responsive-mode-768\" ><div class=\"eltdf-eh-item     eltdf-eh-custom-5054\"  data-item-class=\"eltdf-eh-custom-5054\" data-769-1024=\"0 0 0 0\" data-681-768=\"0 0 0 0\" data-481-680=\"0 0 0 0\" data-480=\"0 0 0 0\">\n\t<div class=\"eltdf-eh-item-inner\">\n\t\t<div class=\"eltdf-eh-item-content\" style=\"padding: 2% 6% 2% 0%\">\n\t\t\t<div class=\"eltdf-single-image-holder  eltdf-has-shadow\">\n    <div class=\"eltdf-si-inner\" >\n                                    <img loading=\"lazy\" decoding=\"async\" width=\"1748\" height=\"1240\" src=\"https:\/\/rupa.lt\/wp-content\/uploads\/2023\/10\/RUPA-dovanu-kuponas-copy.png\" class=\"attachment-full size-full\" alt=\"\" srcset=\"https:\/\/rupa.lt\/wp-content\/uploads\/2023\/10\/RUPA-dovanu-kuponas-copy.png 1748w, https:\/\/rupa.lt\/wp-content\/uploads\/2023\/10\/RUPA-dovanu-kuponas-copy-300x213.png 300w, https:\/\/rupa.lt\/wp-content\/uploads\/2023\/10\/RUPA-dovanu-kuponas-copy-1024x726.png 1024w, https:\/\/rupa.lt\/wp-content\/uploads\/2023\/10\/RUPA-dovanu-kuponas-copy-1536x1090.png 1536w, https:\/\/rupa.lt\/wp-content\/uploads\/2023\/10\/RUPA-dovanu-kuponas-copy-1320x936.png 1320w\" sizes=\"auto, (max-width: 1748px) 100vw, 1748px\" \/>                        <\/div>\n<\/div>\t\t<\/div>\n\t<\/div>\n    <div class=\"eltdf-elements-holder-background-outer\"  >\n        <div class=\"eltdf-elements-holder-background-inner\" ><\/div>\n    <\/div>\n<\/div><\/div><\/div><\/div><\/div><div class=\"wpb_column vc_column_container vc_col-sm-12 vc_col-lg-6 vc_col-md-12 vc_col-xs-12\"><div class=\"vc_column-inner\"><div class=\"wpb_wrapper\"><div class=\"eltdf-elements-holder   eltdf-one-column  eltdf-responsive-mode-768\" ><div class=\"eltdf-eh-item     eltdf-eh-custom-3428\"  data-item-class=\"eltdf-eh-custom-3428\" data-1025-1366=\"7.3% 10% 0 6%\" data-769-1024=\"8% 34% 0 0%\" data-681-768=\"8% 25% 0 0%\" data-481-680=\"9.3% 3% 0 0\" data-480=\"9.3% 3% 0 0\">\n\t<div class=\"eltdf-eh-item-inner\">\n\t\t<div class=\"eltdf-eh-item-content\" style=\"padding: 9.3% 10% 0 5%\">\n\t\t\t<div class=\"eltdf-section-title-holder  eltdf-st-standard eltdf-st-title-left eltdf-st-normal-space\" >\n\t<div class=\"eltdf-st-inner\">\n\t\t\t\t\t<p class=\"eltdf-st-subtitle\">\n\t\t\t\tdovan\u0173 kuponas\t\t\t<\/p>\n\t\t\t\t\t\t\t<h2 class=\"eltdf-st-title\" style=\"color: #000000\">\n\t\t\t\tDovanojmas PDF<br \/> arba fizinis kuponas\t\t\t<\/h2>\n\t\t\t\t\t\t\t<p class=\"eltdf-st-text\" style=\"color: #3d3d3d;font-size: 16px\">\n\t\t\t\tJ\u012f galima panaudoti tiek paslaugoms tiek prek\u0117ms \u012fsigyti. Prekes \u012fsigijant elktronin\u0117je parduotuv\u0117je naudojamas individualus DOVANOS KODAS pirkini\u0173 krep\u0161elio puslapyje. Bus atimta dovanos kupono suma nuo pirkini\u0173 krep\u0161elio sumos. Norint atvykti paslaugai ar produktus \u012fsigyti gyvai- reikalinga i\u0161ankstin\u0117 rezervacija. Jeigu pageidaujama u\u017e dovan\u0173 kupon\u0105 \u012fsigyti plauk\u0173 prie\u017ei\u016bros produkt\u0173 reikia pasirinkti paslaug\u0105- KONSULTACIJA apie produktus. Lauksime rezervuotu laiku ir pad\u0117sime i\u0161sirinkti. Reiks parodyti kupon\u0105. Kuponas gali b\u016bti nespauzdintas ir spauzdintas PDF arba fizinis studijoje \u012fsigytas kuponas. Rezervacijos vardas turi sutapti su vardu \u012fra\u0161ytu kupone.\t\t\t<\/p>\n\t\t\t<\/div>\n<\/div>\t\t<\/div>\n\t<\/div>\n    <div class=\"eltdf-elements-holder-background-outer\"  >\n        <div class=\"eltdf-elements-holder-background-inner\" ><\/div>\n    <\/div>\n<\/div><\/div><\/div><\/div><\/div><\/div><\/div><\/div><div class=\"eltdf-row-grid-section-wrapper\"  ><div class=\"eltdf-row-grid-section\"><div class=\"vc_row wpb_row vc_row-fluid vc_custom_1538042170312\" ><div class=\"wpb_column vc_column_container vc_col-sm-12 vc_col-lg-6 vc_col-md-12 vc_col-xs-12\"><div class=\"vc_column-inner\"><div class=\"wpb_wrapper\"><div class=\"eltdf-elements-holder   eltdf-one-column  eltdf-responsive-mode-768\" ><div class=\"eltdf-eh-item     eltdf-eh-custom-1571\"  data-item-class=\"eltdf-eh-custom-1571\" data-1025-1366=\"7.3% 10% 0 6%\" data-769-1024=\"0% 34% 8% 0%\" data-681-768=\"0% 25% 8% 0%\" data-481-680=\"0% 2% 35px 0%\" data-480=\"0% 2% 35px 0%\">\n\t<div class=\"eltdf-eh-item-inner\">\n\t\t<div class=\"eltdf-eh-item-content\" style=\"padding: 10% 10% 0 0%\">\n\t\t\t<div class=\"eltdf-section-title-holder  eltdf-st-standard eltdf-st-title-left eltdf-st-normal-space\" >\n\t<div class=\"eltdf-st-inner\">\n\t\t\t\t\t<p class=\"eltdf-st-subtitle\">\n\t\t\t\tdovan\u0173 kuponas\t\t\t<\/p>\n\t\t\t\t\t\t\t<h2 class=\"eltdf-st-title\" style=\"color: #000000\">\n\t\t\t\tPASLAUGA ARBA<br \/> SUMA\t\t\t<\/h2>\n\t\t\t\t\t\t\t<p class=\"eltdf-st-text\" style=\"color: #464646;font-size: 16px\">\n\t\t\t\tKuponas dengia vis\u0105 paslaug\u0105, jei kupone \u012fra\u0161yta konkreti paslauga, arba t\u0105 sum\u0105, kuri yra nurodyta. Jei paslauga ar produktai kainuos daugiau reik\u0117s sumok\u0117ti skirtum\u0105.\t\t\t<\/p>\n\t\t\t<\/div>\n<\/div><div class=\"vc_empty_space\"   style=\"height: 10px\"><span class=\"vc_empty_space_inner\"><\/span><\/div><a itemprop=\"url\" href=\"https:\/\/rupa.lt\/en\/#Rezervacija\" target=\"_blank\" style=\"margin: top10px\" class=\"eltdf-btn eltdf-btn-medium eltdf-btn-simple\"  >\n    <span class=\"eltdf-btn-text\">TURIU KUPON\u0104-REZERVUOTI LAIK\u0104<\/span>\n    <\/a>\t\t<\/div>\n\t<\/div>\n    <div class=\"eltdf-elements-holder-background-outer\"  >\n        <div class=\"eltdf-elements-holder-background-inner\" ><\/div>\n    <\/div>\n<\/div><\/div><\/div><\/div><\/div><div class=\"wpb_column vc_column_container vc_col-sm-12 vc_col-lg-6 vc_col-md-12 vc_col-xs-12\"><div class=\"vc_column-inner\"><div class=\"wpb_wrapper\"><div class=\"eltdf-elements-holder   eltdf-one-column  eltdf-responsive-mode-768\" ><div class=\"eltdf-eh-item     eltdf-eh-custom-5798\"  data-item-class=\"eltdf-eh-custom-5798\" data-769-1024=\"0 0 0 0\" data-681-768=\"0 0 0 0\" data-481-680=\"0 0 0 0\" data-480=\"0 0 0 0\">\n\t<div class=\"eltdf-eh-item-inner\">\n\t\t<div class=\"eltdf-eh-item-content\" style=\"padding: 2% 0% 2% 5%\">\n\t\t\t<div class=\"eltdf-single-image-holder  eltdf-has-shadow\">\n    <div class=\"eltdf-si-inner\" >\n                                    <img loading=\"lazy\" decoding=\"async\" width=\"1748\" height=\"1240\" src=\"https:\/\/rupa.lt\/wp-content\/uploads\/2023\/10\/RUPA-dovanu-kuponas-copy-2.png\" class=\"attachment-full size-full\" alt=\"\" srcset=\"https:\/\/rupa.lt\/wp-content\/uploads\/2023\/10\/RUPA-dovanu-kuponas-copy-2.png 1748w, https:\/\/rupa.lt\/wp-content\/uploads\/2023\/10\/RUPA-dovanu-kuponas-copy-2-300x213.png 300w, https:\/\/rupa.lt\/wp-content\/uploads\/2023\/10\/RUPA-dovanu-kuponas-copy-2-1024x726.png 1024w, https:\/\/rupa.lt\/wp-content\/uploads\/2023\/10\/RUPA-dovanu-kuponas-copy-2-1536x1090.png 1536w, https:\/\/rupa.lt\/wp-content\/uploads\/2023\/10\/RUPA-dovanu-kuponas-copy-2-1320x936.png 1320w\" sizes=\"auto, (max-width: 1748px) 100vw, 1748px\" \/>                        <\/div>\n<\/div>\t\t<\/div>\n\t<\/div>\n    <div class=\"eltdf-elements-holder-background-outer\"  >\n        <div class=\"eltdf-elements-holder-background-inner\" ><\/div>\n    <\/div>\n<\/div><\/div><\/div><\/div><\/div><\/div><\/div><\/div><div class=\"eltdf-row-grid-section-wrapper\"  ><div class=\"eltdf-row-grid-section\"><div class=\"vc_row wpb_row vc_row-fluid vc_custom_1538042199450\" ><div class=\"wpb_column vc_column_container vc_col-sm-12 vc_col-lg-6 vc_col-md-12 vc_col-xs-12\"><div class=\"vc_column-inner\"><div class=\"wpb_wrapper\"><div class=\"eltdf-elements-holder   eltdf-one-column  eltdf-responsive-mode-768\" ><div class=\"eltdf-eh-item     eltdf-eh-custom-9810\"  data-item-class=\"eltdf-eh-custom-9810\" data-769-1024=\"0 0 0 0\" data-681-768=\"0 0 0 0\" data-481-680=\"0 0 0 0\" data-480=\"0 0 0 0\">\n\t<div class=\"eltdf-eh-item-inner\">\n\t\t<div class=\"eltdf-eh-item-content\" style=\"padding: 2% 6% 2% 0%\">\n\t\t\t<div class=\"eltdf-single-image-holder  eltdf-has-shadow\">\n    <div class=\"eltdf-si-inner\" >\n                                    <img loading=\"lazy\" decoding=\"async\" width=\"2194\" height=\"1462\" src=\"https:\/\/rupa.lt\/wp-content\/uploads\/2023\/10\/dovanukuponas.png\" class=\"attachment-full size-full\" alt=\"dovanukuponas\" \/>                        <\/div>\n<\/div>\t\t<\/div>\n\t<\/div>\n    <div class=\"eltdf-elements-holder-background-outer\"  >\n        <div class=\"eltdf-elements-holder-background-inner\" ><\/div>\n    <\/div>\n<\/div><\/div><\/div><\/div><\/div><div class=\"wpb_column vc_column_container vc_col-sm-12 vc_col-lg-6 vc_col-md-12 vc_col-xs-12\"><div class=\"vc_column-inner\"><div class=\"wpb_wrapper\"><div class=\"eltdf-elements-holder   eltdf-one-column  eltdf-responsive-mode-768\" ><div class=\"eltdf-eh-item     eltdf-eh-custom-3082\"  data-item-class=\"eltdf-eh-custom-3082\" data-1025-1366=\"11% 10% 0 6%\" data-769-1024=\"8% 34% 0 0%\" data-681-768=\"8% 25% 0 0%\" data-481-680=\"13% 3% 0 0%\" data-480=\"13% 3% 0 0%\">\n\t<div class=\"eltdf-eh-item-inner\">\n\t\t<div class=\"eltdf-eh-item-content\" style=\"padding: 13% 10% 0 5%\">\n\t\t\t<div class=\"eltdf-section-title-holder  eltdf-st-standard eltdf-st-title-left eltdf-st-normal-space\" >\n\t<div class=\"eltdf-st-inner\">\n\t\t\t\t\t<p class=\"eltdf-st-subtitle\">\n\t\t\t\tdovan\u0173 kuponas\t\t\t<\/p>\n\t\t\t\t\t\t\t<h2 class=\"eltdf-st-title\" style=\"color: #000000\">\n\t\t\t\tPuiki dovana<br \/>\t\t\t<\/h2>\n\t\t\t\t\t\t\t<p class=\"eltdf-st-text\" style=\"color: #464646;font-size: 16px\">\n\t\t\t\tGalvos plovimas su masa\u017eu, su\u0161ukavimas, kirpimas, plauk\u0173 atstatymas, galvos odos DETOX. Visos paslaugos su ORGANI\u0160KAIS produktais. Profesional\u016bs patarimai ir produkt\u0173 parinkimas arba individualus apsipirkimas elektronin\u0117je parduotuv\u0117je pasinaudojant dovanos kodu.\t\t\t<\/p>\n\t\t\t<\/div>\n<\/div><div class=\"vc_empty_space\"   style=\"height: 10px\"><span class=\"vc_empty_space_inner\"><\/span><\/div><a itemprop=\"url\" href=\"https:\/\/rupa.lt\/en\/product\/dovanu-kuponas\/\" target=\"_blank\" style=\"margin: top10px\" class=\"eltdf-btn eltdf-btn-medium eltdf-btn-simple\"  >\n    <span class=\"eltdf-btn-text\">\u012eSIGYTI DOVAN\u0172 KUPON\u0104<\/span>\n    <\/a>\t\t<\/div>\n\t<\/div>\n    <div class=\"eltdf-elements-holder-background-outer\"  >\n        <div class=\"eltdf-elements-holder-background-inner\" ><\/div>\n    <\/div>\n<\/div><\/div><\/div><\/div><\/div><\/div><\/div><\/div><div class=\"vc_row wpb_row vc_row-fluid\" ><div class=\"wpb_column vc_column_container vc_col-sm-6\"><div class=\"vc_column-inner\"><div class=\"wpb_wrapper\"><\/div><\/div><\/div><div class=\"wpb_column vc_column_container vc_col-sm-6\"><div class=\"vc_column-inner\"><div class=\"wpb_wrapper\"><\/div><\/div><\/div><\/div>","protected":false},"excerpt":{"rendered":"DOVAN\u0172 KUPONAS Kai dovanojamas d\u0117mesys, r\u016bpestingumas ir laikas SAU. dovan\u0173 kuponas Dovanojmas PDF arba fizinis kuponas J\u012f galima panaudoti tiek paslaugoms tiek prek\u0117ms \u012fsigyti. Prekes \u012fsigijant elktronin\u0117je parduotuv\u0117je naudojamas individualus DOVANOS KODAS pirkini\u0173 krep\u0161elio puslapyje. Bus atimta dovanos kupono suma [...]","protected":false},"author":1,"featured_media":0,"parent":0,"menu_order":0,"comment_status":"closed","ping_status":"closed","template":"full-width.php","meta":{"footnotes":""},"class_list":["post-2130","page","type-page","status-publish","hentry"],"_links":{"self":[{"href":"https:\/\/rupa.lt\/en\/wp-json\/wp\/v2\/pages\/2130","targetHints":{"allow":["GET"]}}],"collection":[{"href":"https:\/\/rupa.lt\/en\/wp-json\/wp\/v2\/pages"}],"about":[{"href":"https:\/\/rupa.lt\/en\/wp-json\/wp\/v2\/types\/page"}],"author":[{"embeddable":true,"href":"https:\/\/rupa.lt\/en\/wp-json\/wp\/v2\/users\/1"}],"replies":[{"embeddable":true,"href":"https:\/\/rupa.lt\/en\/wp-json\/wp\/v2\/comments?post=2130"}],"version-history":[{"count":4,"href":"https:\/\/rupa.lt\/en\/wp-json\/wp\/v2\/pages\/2130\/revisions"}],"predecessor-version":[{"id":9980,"href":"https:\/\/rupa.lt\/en\/wp-json\/wp\/v2\/pages\/2130\/revisions\/9980"}],"wp:attachment":[{"href":"https:\/\/rupa.lt\/en\/wp-json\/wp\/v2\/media?parent=2130"}],"curies":[{"name":"wp","href":"https:\/\/api.w.org\/{rel}","templated":true}]}}